{"id":745,"date":"2023-10-04T14:32:59","date_gmt":"2023-10-04T14:32:59","guid":{"rendered":"http:\/\/sundo5.cz\/?page_id=745"},"modified":"2024-04-02T10:41:30","modified_gmt":"2024-04-02T10:41:30","slug":"master-chungsan","status":"publish","type":"page","link":"https:\/\/sundo5.cz\/cs\/master-chungsan\/","title":{"rendered":"Mistr Chungsan"},"content":{"rendered":"<div data-elementor-type=\"wp-page\" data-elementor-id=\"745\" class=\"elementor elementor-745\" data-elementor-post-type=\"page\">\n\t\t\t\t\t\t<section class=\"elementor-section elementor-top-section elementor-element elementor-element-5825448 elementor-section-boxed elementor-section-height-default elementor-section-height-default\" data-id=\"5825448\" data-element_type=\"section\" data-e-type=\"section\">\n\t\t\t\t\t\t<div class=\"elementor-container elementor-column-gap-default\">\n\t\t\t\t\t<div class=\"elementor-column elementor-col-100 elementor-top-column elementor-element elementor-element-afa729a\" data-id=\"afa729a\" data-element_type=\"column\" data-e-type=\"column\">\n\t\t\t<div class=\"elementor-widget-wrap elementor-element-populated\">\n\t\t\t\t\t\t<div class=\"elementor-element elementor-element-ead13b7 elementor-widget elementor-widget-heading\" data-id=\"ead13b7\" data-element_type=\"widget\" data-e-type=\"widget\" data-widget_type=\"heading.default\">\n\t\t\t\t<div class=\"elementor-widget-container\">\n\t\t\t\t\t<h1 class=\"elementor-heading-title elementor-size-default\">Mistr Chung-san<\/h1>\t\t\t\t<\/div>\n\t\t\t\t<\/div>\n\t\t\t\t<div class=\"elementor-element elementor-element-3b0d22a elementor-widget elementor-widget-image\" data-id=\"3b0d22a\" data-element_type=\"widget\" data-e-type=\"widget\" data-widget_type=\"image.default\">\n\t\t\t\t<div class=\"elementor-widget-container\">\n\t\t\t\t\t\t\t\t\t\t\t\t\t\t\t<img fetchpriority=\"high\" decoding=\"async\" width=\"330\" height=\"300\" src=\"https:\/\/sundo5.cz\/wp-content\/uploads\/2023\/10\/CHS-330x300-1.webp\" class=\"attachment-large size-large wp-image-701\" alt=\"In 1970, under Be-Kyung\u2019s supervision, the first SunDo main school (the Kouk SunDo Center) opened in Seoul, Korea. After 15 years of service to his fellow human beings, Be-Kyung, in 1984, quietly returned to the hermit life in the mountains.\" srcset=\"https:\/\/sundo5.cz\/wp-content\/uploads\/2023\/10\/CHS-330x300-1.webp 330w, https:\/\/sundo5.cz\/wp-content\/uploads\/2023\/10\/CHS-330x300-1-300x273.webp 300w\" sizes=\"(max-width: 330px) 100vw, 330px\" \/>\t\t\t\t\t\t\t\t\t\t\t\t\t\t\t<\/div>\n\t\t\t\t<\/div>\n\t\t\t\t\t<\/div>\n\t\t<\/div>\n\t\t\t\t\t<\/div>\n\t\t<\/section>\n\t\t\t\t<section class=\"elementor-section elementor-top-section elementor-element elementor-element-d1a5cd6 elementor-section-boxed elementor-section-height-default elementor-section-height-default\" data-id=\"d1a5cd6\" data-element_type=\"section\" data-e-type=\"section\" data-settings=\"{&quot;background_background&quot;:&quot;classic&quot;}\">\n\t\t\t\t\t\t<div class=\"elementor-container elementor-column-gap-default\">\n\t\t\t\t\t<div class=\"elementor-column elementor-col-16 elementor-top-column elementor-element elementor-element-9d20958\" data-id=\"9d20958\" data-element_type=\"column\" data-e-type=\"column\">\n\t\t\t<div class=\"elementor-widget-wrap\">\n\t\t\t\t\t\t\t<\/div>\n\t\t<\/div>\n\t\t\t\t<div class=\"elementor-column elementor-col-66 elementor-top-column elementor-element elementor-element-c4a7cfb\" data-id=\"c4a7cfb\" data-element_type=\"column\" data-e-type=\"column\">\n\t\t\t<div class=\"elementor-widget-wrap elementor-element-populated\">\n\t\t\t\t\t\t<section class=\"elementor-section elementor-inner-section elementor-element elementor-element-9d1cab7 elementor-section-boxed elementor-section-height-default elementor-section-height-default\" data-id=\"9d1cab7\" data-element_type=\"section\" data-e-type=\"section\" data-settings=\"{&quot;background_background&quot;:&quot;classic&quot;}\">\n\t\t\t\t\t\t<div class=\"elementor-container elementor-column-gap-default\">\n\t\t\t\t\t<div class=\"elementor-column elementor-col-50 elementor-inner-column elementor-element elementor-element-e88cd14\" data-id=\"e88cd14\" data-element_type=\"column\" data-e-type=\"column\">\n\t\t\t<div class=\"elementor-widget-wrap elementor-element-populated\">\n\t\t\t\t\t\t<div class=\"elementor-element elementor-element-0abb897 elementor-widget__width-initial elementor-widget elementor-widget-image\" data-id=\"0abb897\" data-element_type=\"widget\" data-e-type=\"widget\" data-widget_type=\"image.default\">\n\t\t\t\t<div class=\"elementor-widget-container\">\n\t\t\t\t\t\t\t\t\t\t\t\t\t\t\t\t<a href=\"http:\/\/sundo5.cz\/cs\/following-his-footseteps\/\">\n\t\t\t\t\t\t\t<img decoding=\"async\" width=\"150\" height=\"150\" src=\"https:\/\/sundo5.cz\/wp-content\/uploads\/2023\/07\/8dfd26_925d174d74254ca884949e9bd45bd532mv2-150x150.webp\" class=\"elementor-animation-grow attachment-thumbnail size-thumbnail wp-image-225\" alt=\"SunDo Master Chung san - Following his Footsteps\" srcset=\"https:\/\/sundo5.cz\/wp-content\/uploads\/2023\/07\/8dfd26_925d174d74254ca884949e9bd45bd532mv2-150x150.webp 150w, https:\/\/sundo5.cz\/wp-content\/uploads\/2023\/07\/8dfd26_925d174d74254ca884949e9bd45bd532mv2-300x300.webp 300w, https:\/\/sundo5.cz\/wp-content\/uploads\/2023\/07\/8dfd26_925d174d74254ca884949e9bd45bd532mv2-100x100.webp 100w\" sizes=\"(max-width: 150px) 100vw, 150px\" \/>\t\t\t\t\t\t\t\t<\/a>\n\t\t\t\t\t\t\t\t\t\t\t\t\t\t\t<\/div>\n\t\t\t\t<\/div>\n\t\t\t\t\t<\/div>\n\t\t<\/div>\n\t\t\t\t<div class=\"elementor-column elementor-col-50 elementor-inner-column elementor-element elementor-element-7395960\" data-id=\"7395960\" data-element_type=\"column\" data-e-type=\"column\">\n\t\t\t<div class=\"elementor-widget-wrap elementor-element-populated\">\n\t\t\t\t\t\t<div class=\"elementor-element elementor-element-7065ee2 elementor-invisible elementor-widget elementor-widget-heading\" data-id=\"7065ee2\" data-element_type=\"widget\" data-e-type=\"widget\" data-settings=\"{&quot;_animation&quot;:&quot;zoomIn&quot;}\" data-widget_type=\"heading.default\">\n\t\t\t\t<div class=\"elementor-widget-container\">\n\t\t\t\t\t<h4 class=\"elementor-heading-title elementor-size-default\"><a href=\"http:\/\/sundo5.cz\/cs\/following-his-footseteps\/\">Po jeho stop\u00e1ch<\/a><\/h4>\t\t\t\t<\/div>\n\t\t\t\t<\/div>\n\t\t\t\t<div class=\"elementor-element elementor-element-c954cbd elementor-invisible elementor-widget elementor-widget-text-editor\" data-id=\"c954cbd\" data-element_type=\"widget\" data-e-type=\"widget\" data-settings=\"{&quot;_animation&quot;:&quot;zoomIn&quot;}\" data-widget_type=\"text-editor.default\">\n\t\t\t\t<div class=\"elementor-widget-container\">\n\t\t\t\t\t\t\t\t\t<p>N\u00e1sleduj\u00edc\u00ed rozhovor s <a href=\"https:\/\/sundo5.cz\/cs\/following-his-footseteps\/\">Mistr Chung-san<\/a> vedl v roce 1974 \u010destn\u00fd profesor Kim Gun z Kunkuk University.<\/p>\t\t\t\t\t\t\t\t<\/div>\n\t\t\t\t<\/div>\n\t\t\t\t\t<\/div>\n\t\t<\/div>\n\t\t\t\t\t<\/div>\n\t\t<\/section>\n\t\t\t\t<section class=\"elementor-section elementor-inner-section elementor-element elementor-element-7c098f0 elementor-section-boxed elementor-section-height-default elementor-section-height-default\" data-id=\"7c098f0\" data-element_type=\"section\" data-e-type=\"section\" data-settings=\"{&quot;background_background&quot;:&quot;classic&quot;}\">\n\t\t\t\t\t\t<div class=\"elementor-container elementor-column-gap-default\">\n\t\t\t\t\t<div class=\"elementor-column elementor-col-50 elementor-inner-column elementor-element elementor-element-c606da5\" data-id=\"c606da5\" data-element_type=\"column\" data-e-type=\"column\">\n\t\t\t<div class=\"elementor-widget-wrap elementor-element-populated\">\n\t\t\t\t\t\t<div class=\"elementor-element elementor-element-c4a8d0f elementor-widget__width-initial elementor-widget elementor-widget-image\" data-id=\"c4a8d0f\" data-element_type=\"widget\" data-e-type=\"widget\" data-widget_type=\"image.default\">\n\t\t\t\t<div class=\"elementor-widget-container\">\n\t\t\t\t\t\t\t\t\t\t\t\t\t\t\t\t<a href=\"http:\/\/sundo5.cz\/cs\/teachings\/\">\n\t\t\t\t\t\t\t<img decoding=\"async\" width=\"150\" height=\"150\" src=\"https:\/\/sundo5.cz\/wp-content\/uploads\/2023\/11\/Chungsan-teachings-1-150x150.jpg\" class=\"elementor-animation-grow attachment-thumbnail size-thumbnail wp-image-1749\" alt=\"Chungsan teachings\" srcset=\"https:\/\/sundo5.cz\/wp-content\/uploads\/2023\/11\/Chungsan-teachings-1-150x150.jpg 150w, https:\/\/sundo5.cz\/wp-content\/uploads\/2023\/11\/Chungsan-teachings-1-100x100.jpg 100w\" sizes=\"(max-width: 150px) 100vw, 150px\" \/>\t\t\t\t\t\t\t\t<\/a>\n\t\t\t\t\t\t\t\t\t\t\t\t\t\t\t<\/div>\n\t\t\t\t<\/div>\n\t\t\t\t\t<\/div>\n\t\t<\/div>\n\t\t\t\t<div class=\"elementor-column elementor-col-50 elementor-inner-column elementor-element elementor-element-ed4485a\" data-id=\"ed4485a\" data-element_type=\"column\" data-e-type=\"column\">\n\t\t\t<div class=\"elementor-widget-wrap elementor-element-populated\">\n\t\t\t\t\t\t<div class=\"elementor-element elementor-element-a9b323d elementor-invisible elementor-widget elementor-widget-heading\" data-id=\"a9b323d\" data-element_type=\"widget\" data-e-type=\"widget\" data-settings=\"{&quot;_animation&quot;:&quot;zoomIn&quot;}\" data-widget_type=\"heading.default\">\n\t\t\t\t<div class=\"elementor-widget-container\">\n\t\t\t\t\t<h4 class=\"elementor-heading-title elementor-size-default\"><a href=\"http:\/\/sundo5.cz\/cs\/teachings\/\">U\u010den\u00ed<\/a><\/h4>\t\t\t\t<\/div>\n\t\t\t\t<\/div>\n\t\t\t\t<div class=\"elementor-element elementor-element-8f8674f elementor-invisible elementor-widget elementor-widget-text-editor\" data-id=\"8f8674f\" data-element_type=\"widget\" data-e-type=\"widget\" data-settings=\"{&quot;_animation&quot;:&quot;zoomIn&quot;}\" data-widget_type=\"text-editor.default\">\n\t\t\t\t<div class=\"elementor-widget-container\">\n\t\t\t\t\t\t\t\t\t<p>Ot\u00e1zky a odpov\u011bdi od <a href=\"https:\/\/sundo5.cz\/cs\/teachings\/\">Mistr Chung-san<\/a>.<\/p>\t\t\t\t\t\t\t\t<\/div>\n\t\t\t\t<\/div>\n\t\t\t\t\t<\/div>\n\t\t<\/div>\n\t\t\t\t\t<\/div>\n\t\t<\/section>\n\t\t\t\t<section class=\"elementor-section elementor-inner-section elementor-element elementor-element-a00ea81 elementor-section-boxed elementor-section-height-default elementor-section-height-default\" data-id=\"a00ea81\" data-element_type=\"section\" data-e-type=\"section\" data-settings=\"{&quot;background_background&quot;:&quot;classic&quot;}\">\n\t\t\t\t\t\t<div class=\"elementor-container elementor-column-gap-default\">\n\t\t\t\t\t<div class=\"elementor-column elementor-col-50 elementor-inner-column elementor-element elementor-element-d4fa19a\" data-id=\"d4fa19a\" data-element_type=\"column\" data-e-type=\"column\">\n\t\t\t<div class=\"elementor-widget-wrap elementor-element-populated\">\n\t\t\t\t\t\t<div class=\"elementor-element elementor-element-4135e8f elementor-widget__width-initial elementor-widget elementor-widget-image\" data-id=\"4135e8f\" data-element_type=\"widget\" data-e-type=\"widget\" data-widget_type=\"image.default\">\n\t\t\t\t<div class=\"elementor-widget-container\">\n\t\t\t\t\t\t\t\t\t\t\t\t\t\t\t\t<a href=\"http:\/\/sundo5.cz\/cs\/finding-the-principle-of-breath\/\">\n\t\t\t\t\t\t\t<img loading=\"lazy\" decoding=\"async\" width=\"150\" height=\"150\" src=\"https:\/\/sundo5.cz\/wp-content\/uploads\/2023\/05\/11062b_0d4a595fd3e642fca4a9cfcdbcd65853mv2-150x150.webp\" class=\"elementor-animation-grow attachment-thumbnail size-thumbnail wp-image-175\" alt=\"Contact SunDo\" srcset=\"https:\/\/sundo5.cz\/wp-content\/uploads\/2023\/05\/11062b_0d4a595fd3e642fca4a9cfcdbcd65853mv2-150x150.webp 150w, https:\/\/sundo5.cz\/wp-content\/uploads\/2023\/05\/11062b_0d4a595fd3e642fca4a9cfcdbcd65853mv2-300x300.webp 300w, https:\/\/sundo5.cz\/wp-content\/uploads\/2023\/05\/11062b_0d4a595fd3e642fca4a9cfcdbcd65853mv2-100x100.webp 100w\" sizes=\"(max-width: 150px) 100vw, 150px\" \/>\t\t\t\t\t\t\t\t<\/a>\n\t\t\t\t\t\t\t\t\t\t\t\t\t\t\t<\/div>\n\t\t\t\t<\/div>\n\t\t\t\t\t<\/div>\n\t\t<\/div>\n\t\t\t\t<div class=\"elementor-column elementor-col-50 elementor-inner-column elementor-element elementor-element-1b9ea79\" data-id=\"1b9ea79\" data-element_type=\"column\" data-e-type=\"column\">\n\t\t\t<div class=\"elementor-widget-wrap elementor-element-populated\">\n\t\t\t\t\t\t<div class=\"elementor-element elementor-element-2617a3a elementor-invisible elementor-widget elementor-widget-heading\" data-id=\"2617a3a\" data-element_type=\"widget\" data-e-type=\"widget\" data-settings=\"{&quot;_animation&quot;:&quot;zoomIn&quot;}\" data-widget_type=\"heading.default\">\n\t\t\t\t<div class=\"elementor-widget-container\">\n\t\t\t\t\t<h4 class=\"elementor-heading-title elementor-size-default\"><a href=\"http:\/\/sundo5.cz\/cs\/finding-the-principle-of-breath\/\">Nalezen\u00ed principu dechu<\/a><\/h4>\t\t\t\t<\/div>\n\t\t\t\t<\/div>\n\t\t\t\t<div class=\"elementor-element elementor-element-d00a63e elementor-invisible elementor-widget elementor-widget-text-editor\" data-id=\"d00a63e\" data-element_type=\"widget\" data-e-type=\"widget\" data-settings=\"{&quot;_animation&quot;:&quot;zoomIn&quot;}\" data-widget_type=\"text-editor.default\">\n\t\t\t\t<div class=\"elementor-widget-container\">\n\t\t\t\t\t\t\t\t\t<p>Tento \u010dl\u00e1nek je naps\u00e1n na z\u00e1klad\u011b ve\u0159ejn\u00e9 p\u0159edn\u00e1\u0161ky, kterou <a href=\"https:\/\/sundo5.cz\/cs\/finding-the-principle-of-breath\/\">Mistr Chung-San<\/a> poskytl na po\u010d\u00e1tku 70. let minul\u00e9ho stolet\u00ed.<\/p>\t\t\t\t\t\t\t\t<\/div>\n\t\t\t\t<\/div>\n\t\t\t\t\t<\/div>\n\t\t<\/div>\n\t\t\t\t\t<\/div>\n\t\t<\/section>\n\t\t\t\t<section class=\"elementor-section elementor-inner-section elementor-element elementor-element-15adfda elementor-section-boxed elementor-section-height-default elementor-section-height-default\" data-id=\"15adfda\" data-element_type=\"section\" data-e-type=\"section\" data-settings=\"{&quot;background_background&quot;:&quot;classic&quot;}\">\n\t\t\t\t\t\t<div class=\"elementor-container elementor-column-gap-default\">\n\t\t\t\t\t<div class=\"elementor-column elementor-col-50 elementor-inner-column elementor-element elementor-element-0d3f219\" data-id=\"0d3f219\" data-element_type=\"column\" data-e-type=\"column\">\n\t\t\t<div class=\"elementor-widget-wrap elementor-element-populated\">\n\t\t\t\t\t\t<div class=\"elementor-element elementor-element-25c23b5 elementor-widget__width-initial elementor-widget elementor-widget-image\" data-id=\"25c23b5\" data-element_type=\"widget\" data-e-type=\"widget\" data-widget_type=\"image.default\">\n\t\t\t\t<div class=\"elementor-widget-container\">\n\t\t\t\t\t\t\t\t\t\t\t\t\t\t\t\t<a href=\"http:\/\/sundo5.cz\/cs\/fuji-tv-demonstration\/\">\n\t\t\t\t\t\t\t<img loading=\"lazy\" decoding=\"async\" width=\"150\" height=\"150\" src=\"https:\/\/sundo5.cz\/wp-content\/uploads\/2023\/11\/SnapShot47-150x150.jpg\" class=\"elementor-animation-grow attachment-thumbnail size-thumbnail wp-image-1715\" alt=\"SunDo Master Chung-san - Fuji TV Demonstration\" srcset=\"https:\/\/sundo5.cz\/wp-content\/uploads\/2023\/11\/SnapShot47-150x150.jpg 150w, https:\/\/sundo5.cz\/wp-content\/uploads\/2023\/11\/SnapShot47-300x300.jpg 300w, https:\/\/sundo5.cz\/wp-content\/uploads\/2023\/11\/SnapShot47-100x100.jpg 100w\" sizes=\"(max-width: 150px) 100vw, 150px\" \/>\t\t\t\t\t\t\t\t<\/a>\n\t\t\t\t\t\t\t\t\t\t\t\t\t\t\t<\/div>\n\t\t\t\t<\/div>\n\t\t\t\t\t<\/div>\n\t\t<\/div>\n\t\t\t\t<div class=\"elementor-column elementor-col-50 elementor-inner-column elementor-element elementor-element-c766843\" data-id=\"c766843\" data-element_type=\"column\" data-e-type=\"column\">\n\t\t\t<div class=\"elementor-widget-wrap elementor-element-populated\">\n\t\t\t\t\t\t<div class=\"elementor-element elementor-element-d3ba9ed elementor-invisible elementor-widget elementor-widget-heading\" data-id=\"d3ba9ed\" data-element_type=\"widget\" data-e-type=\"widget\" data-settings=\"{&quot;_animation&quot;:&quot;zoomIn&quot;}\" data-widget_type=\"heading.default\">\n\t\t\t\t<div class=\"elementor-widget-container\">\n\t\t\t\t\t<h4 class=\"elementor-heading-title elementor-size-default\"><a href=\"http:\/\/sundo5.cz\/cs\/fuji-tv-demonstration\/\">P\u0159edv\u00e1d\u011bc\u00ed akce Fuji TV<\/a><\/h4>\t\t\t\t<\/div>\n\t\t\t\t<\/div>\n\t\t\t\t<div class=\"elementor-element elementor-element-abba8f4 elementor-invisible elementor-widget elementor-widget-text-editor\" data-id=\"abba8f4\" data-element_type=\"widget\" data-e-type=\"widget\" data-settings=\"{&quot;_animation&quot;:&quot;zoomIn&quot;}\" data-widget_type=\"text-editor.default\">\n\t\t\t\t<div class=\"elementor-widget-container\">\n\t\t\t\t\t\t\t\t\t<p><a href=\"https:\/\/sundo5.cz\/cs\/about\/\">SunDo<\/a> Uk\u00e1zka mistra Chung-sana, jak rozb\u00edjet sk\u00e1ly a vydr\u017eet ohe\u0148.<\/p>\t\t\t\t\t\t\t\t<\/div>\n\t\t\t\t<\/div>\n\t\t\t\t\t<\/div>\n\t\t<\/div>\n\t\t\t\t\t<\/div>\n\t\t<\/section>\n\t\t\t\t\t<\/div>\n\t\t<\/div>\n\t\t\t\t<div class=\"elementor-column elementor-col-16 elementor-top-column elementor-element elementor-element-45d6b31\" data-id=\"45d6b31\" data-element_type=\"column\" data-e-type=\"column\">\n\t\t\t<div class=\"elementor-widget-wrap\">\n\t\t\t\t\t\t\t<\/div>\n\t\t<\/div>\n\t\t\t\t\t<\/div>\n\t\t<\/section>\n\t\t\t\t<\/div>","protected":false},"excerpt":{"rendered":"<p>Master Chung-san Following his footsteps The following interview with Master Chung-san was conducted in 1974 by honorary Professor Kim Gun of Kunkuk University. Teachings Questions and Answers from Master Chung-san. Finding the Principle of breath This article is written from a public lecture that Master Chung-San gave in the early 1970&#8217;s. Fuji TV Demonstration SunDo [&hellip;]<\/p>\n","protected":false},"author":1,"featured_media":0,"parent":0,"menu_order":0,"comment_status":"closed","ping_status":"closed","template":"","meta":{"footnotes":""},"class_list":["post-745","page","type-page","status-publish","hentry"],"yoast_head":"<!-- This site is optimized with the Yoast SEO plugin v27.3 - https:\/\/yoast.com\/product\/yoast-seo-wordpress\/ -->\n<title>Master Chungsan - SunDo<\/title>\n<meta name=\"description\" content=\"Follow his Footsteps, Teachings-Questions and Answers from Master Chungsan. , Finding the Principle of Breath, Fuji TV Demonstration.\" \/>\n<meta name=\"robots\" content=\"index, follow, max-snippet:-1, max-image-preview:large, max-video-preview:-1\" \/>\n<link rel=\"canonical\" href=\"https:\/\/sundo5.cz\/cs\/master-chungsan\/\" \/>\n<meta property=\"og:locale\" content=\"cs_CZ\" \/>\n<meta property=\"og:type\" content=\"article\" \/>\n<meta property=\"og:title\" content=\"Master Chungsan - SunDo\" \/>\n<meta property=\"og:description\" content=\"Follow his Footsteps, Teachings-Questions and Answers from Master Chungsan. , Finding the Principle of Breath, Fuji TV Demonstration.\" \/>\n<meta property=\"og:url\" content=\"https:\/\/sundo5.cz\/cs\/master-chungsan\/\" \/>\n<meta property=\"og:site_name\" content=\"SunDo\" \/>\n<meta property=\"article:publisher\" content=\"https:\/\/www.facebook.com\/sundoclub.cz\" \/>\n<meta property=\"article:modified_time\" content=\"2024-04-02T10:41:30+00:00\" \/>\n<meta property=\"og:image\" content=\"https:\/\/sundo5.cz\/wp-content\/uploads\/2023\/10\/CHS-330x300-1.webp\" \/>\n<meta name=\"twitter:card\" content=\"summary_large_image\" \/>\n<meta name=\"twitter:label1\" content=\"Odhadovan\u00e1 doba \u010dten\u00ed\" \/>\n\t<meta name=\"twitter:data1\" content=\"2 minuty\" \/>\n<script type=\"application\/ld+json\" class=\"yoast-schema-graph\">{\"@context\":\"https:\\\/\\\/schema.org\",\"@graph\":[{\"@type\":\"WebPage\",\"@id\":\"https:\\\/\\\/sundo5.cz\\\/master-chungsan\\\/\",\"url\":\"https:\\\/\\\/sundo5.cz\\\/master-chungsan\\\/\",\"name\":\"Master Chungsan - SunDo\",\"isPartOf\":{\"@id\":\"https:\\\/\\\/sundo5.cz\\\/#website\"},\"primaryImageOfPage\":{\"@id\":\"https:\\\/\\\/sundo5.cz\\\/master-chungsan\\\/#primaryimage\"},\"image\":{\"@id\":\"https:\\\/\\\/sundo5.cz\\\/master-chungsan\\\/#primaryimage\"},\"thumbnailUrl\":\"https:\\\/\\\/sundo5.cz\\\/wp-content\\\/uploads\\\/2023\\\/10\\\/CHS-330x300-1.webp\",\"datePublished\":\"2023-10-04T14:32:59+00:00\",\"dateModified\":\"2024-04-02T10:41:30+00:00\",\"description\":\"Follow his Footsteps, Teachings-Questions and Answers from Master Chungsan. , Finding the Principle of Breath, Fuji TV Demonstration.\",\"breadcrumb\":{\"@id\":\"https:\\\/\\\/sundo5.cz\\\/master-chungsan\\\/#breadcrumb\"},\"inLanguage\":\"cs\",\"potentialAction\":[{\"@type\":\"ReadAction\",\"target\":[\"https:\\\/\\\/sundo5.cz\\\/master-chungsan\\\/\"]}]},{\"@type\":\"ImageObject\",\"inLanguage\":\"cs\",\"@id\":\"https:\\\/\\\/sundo5.cz\\\/master-chungsan\\\/#primaryimage\",\"url\":\"https:\\\/\\\/sundo5.cz\\\/wp-content\\\/uploads\\\/2023\\\/10\\\/CHS-330x300-1.webp\",\"contentUrl\":\"https:\\\/\\\/sundo5.cz\\\/wp-content\\\/uploads\\\/2023\\\/10\\\/CHS-330x300-1.webp\"},{\"@type\":\"BreadcrumbList\",\"@id\":\"https:\\\/\\\/sundo5.cz\\\/master-chungsan\\\/#breadcrumb\",\"itemListElement\":[{\"@type\":\"ListItem\",\"position\":1,\"name\":\"Home\",\"item\":\"https:\\\/\\\/sundo5.cz\\\/\"},{\"@type\":\"ListItem\",\"position\":2,\"name\":\"Master Chungsan\"}]},{\"@type\":\"WebSite\",\"@id\":\"https:\\\/\\\/sundo5.cz\\\/#website\",\"url\":\"https:\\\/\\\/sundo5.cz\\\/\",\"name\":\"SunDo\",\"description\":\"\",\"publisher\":{\"@id\":\"https:\\\/\\\/sundo5.cz\\\/#organization\"},\"potentialAction\":[{\"@type\":\"SearchAction\",\"target\":{\"@type\":\"EntryPoint\",\"urlTemplate\":\"https:\\\/\\\/sundo5.cz\\\/?s={search_term_string}\"},\"query-input\":{\"@type\":\"PropertyValueSpecification\",\"valueRequired\":true,\"valueName\":\"search_term_string\"}}],\"inLanguage\":\"cs\"},{\"@type\":\"Organization\",\"@id\":\"https:\\\/\\\/sundo5.cz\\\/#organization\",\"name\":\"SunDo\",\"url\":\"https:\\\/\\\/sundo5.cz\\\/\",\"logo\":{\"@type\":\"ImageObject\",\"inLanguage\":\"cs\",\"@id\":\"https:\\\/\\\/sundo5.cz\\\/#\\\/schema\\\/logo\\\/image\\\/\",\"url\":\"https:\\\/\\\/sundo5.cz\\\/wp-content\\\/uploads\\\/2023\\\/05\\\/European-SunDo-Logo5.jpg\",\"contentUrl\":\"https:\\\/\\\/sundo5.cz\\\/wp-content\\\/uploads\\\/2023\\\/05\\\/European-SunDo-Logo5.jpg\",\"width\":1285,\"height\":331,\"caption\":\"SunDo\"},\"image\":{\"@id\":\"https:\\\/\\\/sundo5.cz\\\/#\\\/schema\\\/logo\\\/image\\\/\"},\"sameAs\":[\"https:\\\/\\\/www.facebook.com\\\/sundoclub.cz\",\"https:\\\/\\\/www.youtube.com\\\/@czechsundoclub8547\"]}]}<\/script>\n<!-- \/ Yoast SEO plugin. -->","yoast_head_json":{"title":"Master Chungsan - SunDo","description":"Follow his Footsteps, Teachings-Questions and Answers from Master Chungsan. , Finding the Principle of Breath, Fuji TV Demonstration.","robots":{"index":"index","follow":"follow","max-snippet":"max-snippet:-1","max-image-preview":"max-image-preview:large","max-video-preview":"max-video-preview:-1"},"canonical":"https:\/\/sundo5.cz\/cs\/master-chungsan\/","og_locale":"cs_CZ","og_type":"article","og_title":"Master Chungsan - SunDo","og_description":"Follow his Footsteps, Teachings-Questions and Answers from Master Chungsan. , Finding the Principle of Breath, Fuji TV Demonstration.","og_url":"https:\/\/sundo5.cz\/cs\/master-chungsan\/","og_site_name":"SunDo","article_publisher":"https:\/\/www.facebook.com\/sundoclub.cz","article_modified_time":"2024-04-02T10:41:30+00:00","og_image":[{"url":"https:\/\/sundo5.cz\/wp-content\/uploads\/2023\/10\/CHS-330x300-1.webp","type":"","width":"","height":""}],"twitter_card":"summary_large_image","twitter_misc":{"Odhadovan\u00e1 doba \u010dten\u00ed":"2 minuty"},"schema":{"@context":"https:\/\/schema.org","@graph":[{"@type":"WebPage","@id":"https:\/\/sundo5.cz\/master-chungsan\/","url":"https:\/\/sundo5.cz\/master-chungsan\/","name":"Master Chungsan - SunDo","isPartOf":{"@id":"https:\/\/sundo5.cz\/#website"},"primaryImageOfPage":{"@id":"https:\/\/sundo5.cz\/master-chungsan\/#primaryimage"},"image":{"@id":"https:\/\/sundo5.cz\/master-chungsan\/#primaryimage"},"thumbnailUrl":"https:\/\/sundo5.cz\/wp-content\/uploads\/2023\/10\/CHS-330x300-1.webp","datePublished":"2023-10-04T14:32:59+00:00","dateModified":"2024-04-02T10:41:30+00:00","description":"Follow his Footsteps, Teachings-Questions and Answers from Master Chungsan. , Finding the Principle of Breath, Fuji TV Demonstration.","breadcrumb":{"@id":"https:\/\/sundo5.cz\/master-chungsan\/#breadcrumb"},"inLanguage":"cs","potentialAction":[{"@type":"ReadAction","target":["https:\/\/sundo5.cz\/master-chungsan\/"]}]},{"@type":"ImageObject","inLanguage":"cs","@id":"https:\/\/sundo5.cz\/master-chungsan\/#primaryimage","url":"https:\/\/sundo5.cz\/wp-content\/uploads\/2023\/10\/CHS-330x300-1.webp","contentUrl":"https:\/\/sundo5.cz\/wp-content\/uploads\/2023\/10\/CHS-330x300-1.webp"},{"@type":"BreadcrumbList","@id":"https:\/\/sundo5.cz\/master-chungsan\/#breadcrumb","itemListElement":[{"@type":"ListItem","position":1,"name":"Home","item":"https:\/\/sundo5.cz\/"},{"@type":"ListItem","position":2,"name":"Master Chungsan"}]},{"@type":"WebSite","@id":"https:\/\/sundo5.cz\/#website","url":"https:\/\/sundo5.cz\/","name":"SunDo","description":"","publisher":{"@id":"https:\/\/sundo5.cz\/#organization"},"potentialAction":[{"@type":"SearchAction","target":{"@type":"EntryPoint","urlTemplate":"https:\/\/sundo5.cz\/?s={search_term_string}"},"query-input":{"@type":"PropertyValueSpecification","valueRequired":true,"valueName":"search_term_string"}}],"inLanguage":"cs"},{"@type":"Organization","@id":"https:\/\/sundo5.cz\/#organization","name":"SunDo","url":"https:\/\/sundo5.cz\/","logo":{"@type":"ImageObject","inLanguage":"cs","@id":"https:\/\/sundo5.cz\/#\/schema\/logo\/image\/","url":"https:\/\/sundo5.cz\/wp-content\/uploads\/2023\/05\/European-SunDo-Logo5.jpg","contentUrl":"https:\/\/sundo5.cz\/wp-content\/uploads\/2023\/05\/European-SunDo-Logo5.jpg","width":1285,"height":331,"caption":"SunDo"},"image":{"@id":"https:\/\/sundo5.cz\/#\/schema\/logo\/image\/"},"sameAs":["https:\/\/www.facebook.com\/sundoclub.cz","https:\/\/www.youtube.com\/@czechsundoclub8547"]}]}},"jetpack_sharing_enabled":true,"_links":{"self":[{"href":"https:\/\/sundo5.cz\/cs\/wp-json\/wp\/v2\/pages\/745","targetHints":{"allow":["GET"]}}],"collection":[{"href":"https:\/\/sundo5.cz\/cs\/wp-json\/wp\/v2\/pages"}],"about":[{"href":"https:\/\/sundo5.cz\/cs\/wp-json\/wp\/v2\/types\/page"}],"author":[{"embeddable":true,"href":"https:\/\/sundo5.cz\/cs\/wp-json\/wp\/v2\/users\/1"}],"replies":[{"embeddable":true,"href":"https:\/\/sundo5.cz\/cs\/wp-json\/wp\/v2\/comments?post=745"}],"version-history":[{"count":49,"href":"https:\/\/sundo5.cz\/cs\/wp-json\/wp\/v2\/pages\/745\/revisions"}],"predecessor-version":[{"id":3360,"href":"https:\/\/sundo5.cz\/cs\/wp-json\/wp\/v2\/pages\/745\/revisions\/3360"}],"wp:attachment":[{"href":"https:\/\/sundo5.cz\/cs\/wp-json\/wp\/v2\/media?parent=745"}],"curies":[{"name":"wp","href":"https:\/\/api.w.org\/{rel}","templated":true}]}}