{"id":3,"date":"2023-05-18T22:26:11","date_gmt":"2023-05-18T22:26:11","guid":{"rendered":"http:\/\/sundo5.cz\/?page_id=3"},"modified":"2024-04-03T13:22:40","modified_gmt":"2024-04-03T13:22:40","slug":"privacy-policy","status":"publish","type":"page","link":"https:\/\/sundo5.cz\/cs\/privacy-policy\/","title":{"rendered":"Z\u00e1sady ochrany osobn\u00edch \u00fadaj\u016f"},"content":{"rendered":"<div data-elementor-type=\"wp-page\" data-elementor-id=\"3\" class=\"elementor elementor-3\" data-elementor-post-type=\"page\">\n\t\t\t\t\t\t<section class=\"elementor-section elementor-top-section elementor-element elementor-element-0288a47 elementor-section-boxed elementor-section-height-default elementor-section-height-default\" data-id=\"0288a47\" data-element_type=\"section\" data-e-type=\"section\">\n\t\t\t\t\t\t<div class=\"elementor-container elementor-column-gap-default\">\n\t\t\t\t\t<div class=\"elementor-column elementor-col-100 elementor-top-column elementor-element elementor-element-5e5232b\" data-id=\"5e5232b\" data-element_type=\"column\" data-e-type=\"column\">\n\t\t\t<div class=\"elementor-widget-wrap elementor-element-populated\">\n\t\t\t\t\t\t<div class=\"elementor-element elementor-element-2011209 elementor-widget elementor-widget-text-editor\" data-id=\"2011209\" data-element_type=\"widget\" data-e-type=\"widget\" data-widget_type=\"text-editor.default\">\n\t\t\t\t<div class=\"elementor-widget-container\">\n\t\t\t\t\t\t\t\t\t<p><\/p>\n<h3 class=\"wp-block-heading\">Z\u00e1sady ochrany osobn\u00edch \u00fadaj\u016f pro SunDo5<\/h3>\n<p><\/p>\n<p>V SunDo5, kter\u00e9 je dostupn\u00e9 z https:\/\/sundo5.cz\/, je jednou z na\u0161ich hlavn\u00edch priorit ochrana soukrom\u00ed n\u00e1v\u0161t\u011bvn\u00edk\u016f. Tento dokument o z\u00e1sad\u00e1ch ochrany osobn\u00edch \u00fadaj\u016f obsahuje typy informac\u00ed, kter\u00e9 spole\u010dnost SunDo5 shroma\u017e\u010fuje a zaznamen\u00e1v\u00e1, a zp\u016fsob jejich pou\u017eit\u00ed.<\/p>\n<p><\/p>\n<p>Pokud m\u00e1te dal\u0161\u00ed ot\u00e1zky nebo pot\u0159ebujete v\u00edce informac\u00ed o na\u0161ich z\u00e1sad\u00e1ch ochrany osobn\u00edch \u00fadaj\u016f, nev\u00e1hejte n\u00e1s kontaktovat.<br \/><br \/><\/p>\n<p><\/p>\n<h3 class=\"wp-block-heading\">Obecn\u00e9 na\u0159\u00edzen\u00ed o ochran\u011b osobn\u00edch \u00fadaj\u016f (GDPR)<\/h3>\n<p><\/p>\n<p>Jsme spr\u00e1vcem va\u0161ich \u00fadaj\u016f.<\/p>\n<p><\/p>\n<p>Pr\u00e1vn\u00ed z\u00e1klad spole\u010dnosti SunDo5 pro shroma\u017e\u010fov\u00e1n\u00ed a pou\u017e\u00edv\u00e1n\u00ed osobn\u00edch \u00fadaj\u016f popsan\u00fdch v t\u011bchto Z\u00e1sad\u00e1ch ochrany osobn\u00edch \u00fadaj\u016f z\u00e1vis\u00ed na osobn\u00edch \u00fadaj\u00edch, kter\u00e9 shroma\u017e\u010fujeme, a na konkr\u00e9tn\u00edm kontextu, v n\u011bm\u017e tyto \u00fadaje shroma\u017e\u010fujeme:<\/p>\n<p><\/p>\n<ul class=\"wp-block-list\">\n<li>SunDo5 s v\u00e1mi pot\u0159ebuje uzav\u0159\u00edt smlouvu.<\/li>\n\n<li>SunDo5 jste k tomu dali svolen\u00ed.<\/li>\n\n<li>Zpracov\u00e1n\u00ed va\u0161ich osobn\u00edch \u00fadaj\u016f je v opr\u00e1vn\u011bn\u00e9m z\u00e1jmu spole\u010dnosti SunDo5.<\/li>\n\n<li>SunDo5 mus\u00ed dodr\u017eovat z\u00e1kony<\/li>\n<\/ul>\n<p><\/p>\n<p>Spole\u010dnost SunDo5 bude uchov\u00e1vat va\u0161e osobn\u00ed \u00fadaje pouze po dobu nezbytnou pro \u00fa\u010dely uveden\u00e9 v t\u011bchto Z\u00e1sad\u00e1ch ochrany osobn\u00edch \u00fadaj\u016f. Va\u0161e \u00fadaje budeme uchov\u00e1vat a pou\u017e\u00edvat v rozsahu nezbytn\u00e9m pro pln\u011bn\u00ed na\u0161ich z\u00e1konn\u00fdch povinnost\u00ed, \u0159e\u0161en\u00ed spor\u016f a prosazov\u00e1n\u00ed na\u0161ich z\u00e1sad. Na\u0161e z\u00e1sady ochrany osobn\u00edch \u00fadaj\u016f byly vytvo\u0159eny s pomoc\u00ed <a href=\"https:\/\/www.gdprprivacynotice.com\/\">Gener\u00e1tor z\u00e1sad ochrany osobn\u00edch \u00fadaj\u016f GDPR<\/a> a <a href=\"https:\/\/www.gdprcontracts.com\/gdpr-privacy-policy-generator\/\">Gener\u00e1tor z\u00e1sad ochrany osobn\u00edch \u00fadaj\u016f GDPR<\/a>.<\/p>\n<p><\/p>\n<p>Pokud jste obyvatelem Evropsk\u00e9ho hospod\u00e1\u0159sk\u00e9ho prostoru (EHP), m\u00e1te ur\u010dit\u00e1 pr\u00e1va na ochranu \u00fadaj\u016f. Pokud si p\u0159ejete b\u00fdt informov\u00e1ni o tom, jak\u00e9 osobn\u00ed \u00fadaje o v\u00e1s uchov\u00e1v\u00e1me, a pokud chcete, aby byly z na\u0161ich syst\u00e9m\u016f odstran\u011bny, kontaktujte n\u00e1s.<\/p>\n<p><\/p>\n<p>Za ur\u010dit\u00fdch okolnost\u00ed m\u00e1te n\u00e1sleduj\u00edc\u00ed pr\u00e1va na ochranu \u00fadaj\u016f:<\/p>\n<p><\/p>\n<ul class=\"wp-block-list\">\n<li>Pr\u00e1vo na p\u0159\u00edstup, aktualizaci nebo vymaz\u00e1n\u00ed informac\u00ed, kter\u00e9 o v\u00e1s m\u00e1me.<\/li>\n\n<li>Pr\u00e1vo na opravu.<\/li>\n\n<li>Pr\u00e1vo vzn\u00e9st n\u00e1mitku.<\/li>\n\n<li>Pr\u00e1vo na omezen\u00ed.<\/li>\n\n<li>Pr\u00e1vo na p\u0159enositelnost \u00fadaj\u016f<\/li>\n\n<li>Pr\u00e1vo odvolat souhlas<br \/><br \/><\/li>\n<\/ul>\n<p><\/p>\n<h3 class=\"wp-block-heading\">Soubory protokolu<\/h3>\n<p><\/p>\n<p>SunDo5 se \u0159\u00edd\u00ed standardn\u00edm postupem pou\u017e\u00edv\u00e1n\u00ed soubor\u016f protokolu. Tyto soubory zaznamen\u00e1vaj\u00ed n\u00e1v\u0161t\u011bvn\u00edky p\u0159i n\u00e1v\u0161t\u011bv\u011b webov\u00fdch str\u00e1nek. D\u011blaj\u00ed to v\u0161echny hostingov\u00e9 spole\u010dnosti a je to sou\u010d\u00e1st analytiky hostingov\u00fdch slu\u017eeb. Informace shrom\u00e1\u017ed\u011bn\u00e9 pomoc\u00ed soubor\u016f protokolu zahrnuj\u00ed adresy internetov\u00e9ho protokolu (IP), typ prohl\u00ed\u017ee\u010de, poskytovatele internetov\u00fdch slu\u017eeb (ISP), datum a \u010dasov\u00e9 raz\u00edtko, odkazuj\u00edc\u00ed\/v\u00fdstupn\u00ed str\u00e1nky a p\u0159\u00edpadn\u011b po\u010det kliknut\u00ed. Nejsou spojeny s \u017e\u00e1dn\u00fdmi informacemi, kter\u00e9 by umo\u017e\u0148ovaly osobn\u00ed identifikaci. \u00da\u010delem t\u011bchto informac\u00ed je anal\u00fdza trend\u016f, spr\u00e1va webu, sledov\u00e1n\u00ed pohybu u\u017eivatel\u016f na webu a shroma\u017e\u010fov\u00e1n\u00ed demografick\u00fdch informac\u00ed.<br \/><br \/><\/p>\n<p><\/p>\n<h3 class=\"wp-block-heading\">Soubory cookie a webov\u00e9 maj\u00e1ky<\/h3>\n<p><\/p>\n<p>Stejn\u011b jako jin\u00e9 webov\u00e9 str\u00e1nky pou\u017e\u00edv\u00e1 SunDo5 soubory cookie. Tyto soubory cookie se pou\u017e\u00edvaj\u00ed k ukl\u00e1d\u00e1n\u00ed informac\u00ed v\u010detn\u011b preferenc\u00ed n\u00e1v\u0161t\u011bvn\u00edk\u016f a str\u00e1nek na webov\u00fdch str\u00e1nk\u00e1ch, kter\u00e9 n\u00e1v\u0161t\u011bvn\u00edk nav\u0161t\u00edvil. Tyto informace slou\u017e\u00ed k optimalizaci u\u017eivatelsk\u00e9ho prost\u0159ed\u00ed prost\u0159ednictv\u00edm p\u0159izp\u016fsoben\u00ed obsahu na\u0161ich webov\u00fdch str\u00e1nek na z\u00e1klad\u011b typu prohl\u00ed\u017ee\u010de n\u00e1v\u0161t\u011bvn\u00edka a\/nebo dal\u0161\u00edch informac\u00ed.<\/p>\n<p><\/p>\n<p>Dal\u0161\u00ed obecn\u00e9 informace o souborech cookie naleznete v \u010dl\u00e1nku <a href=\"https:\/\/www.cookieconsent.com\/what-are-cookies\/\">\"Co jsou to soubory cookie\"<\/a>.<br \/><br \/><\/p>\n<p><\/p>\n<h3 class=\"wp-block-heading\">Z\u00e1sady ochrany osobn\u00edch \u00fadaj\u016f<\/h3>\n<p><\/p>\n<p>V tomto seznamu naleznete z\u00e1sady ochrany osobn\u00edch \u00fadaj\u016f jednotliv\u00fdch reklamn\u00edch partner\u016f spole\u010dnosti SunDo5.<\/p>\n<p><\/p>\n<p>Reklamn\u00ed servery nebo reklamn\u00ed s\u00edt\u011b t\u0159et\u00edch stran pou\u017e\u00edvaj\u00ed technologie, jako jsou cookies, JavaScript nebo webov\u00e9 maj\u00e1ky, kter\u00e9 se pou\u017e\u00edvaj\u00ed v jejich reklam\u00e1ch a odkazech zobrazovan\u00fdch na SunDo5, kter\u00e9 jsou odes\u00edl\u00e1ny p\u0159\u00edmo do prohl\u00ed\u017ee\u010de u\u017eivatele. P\u0159i tom automaticky obdr\u017e\u00ed va\u0161i IP adresu. Tyto technologie se pou\u017e\u00edvaj\u00ed k m\u011b\u0159en\u00ed \u00fa\u010dinnosti jejich reklamn\u00edch kampan\u00ed a\/nebo k personalizaci reklamn\u00edho obsahu, kter\u00fd se zobrazuje na nav\u0161t\u00edven\u00fdch webov\u00fdch str\u00e1nk\u00e1ch.<\/p>\n<p><\/p>\n<p>V\u0161imn\u011bte si, \u017ee SunDo5 nem\u00e1 p\u0159\u00edstup k t\u011bmto soubor\u016fm cookie, kter\u00e9 pou\u017e\u00edvaj\u00ed inzerenti t\u0159et\u00edch stran, ani nad nimi nem\u00e1 kontrolu.<br \/><br \/><\/p>\n<p><\/p>\n<h3 class=\"wp-block-heading\">Z\u00e1sady ochrany osobn\u00edch \u00fadaj\u016f t\u0159et\u00edch stran<\/h3>\n<p><\/p>\n<p>Z\u00e1sady ochrany osobn\u00edch \u00fadaj\u016f spole\u010dnosti SunDo5 se nevztahuj\u00ed na jin\u00e9 inzerenty nebo webov\u00e9 str\u00e1nky. Proto v\u00e1m doporu\u010dujeme, abyste se pro podrobn\u011bj\u0161\u00ed informace obr\u00e1tili na p\u0159\u00edslu\u0161n\u00e9 z\u00e1sady ochrany osobn\u00edch \u00fadaj\u016f t\u011bchto reklamn\u00edch server\u016f t\u0159et\u00edch stran. Mohou obsahovat jejich postupy a pokyny, jak se z ur\u010dit\u00fdch mo\u017enost\u00ed odhl\u00e1sit.<\/p>\n<p><\/p>\n<p>Soubory cookie m\u016f\u017eete zak\u00e1zat v individu\u00e1ln\u00edch mo\u017enostech prohl\u00ed\u017ee\u010de. Podrobn\u011bj\u0161\u00ed informace o spr\u00e1v\u011b soubor\u016f cookie v konkr\u00e9tn\u00edch webov\u00fdch prohl\u00ed\u017ee\u010d\u00edch naleznete na p\u0159\u00edslu\u0161n\u00fdch webov\u00fdch str\u00e1nk\u00e1ch prohl\u00ed\u017ee\u010d\u016f.<br \/><br \/><\/p>\n<p><\/p>\n<h3 class=\"wp-block-heading\">Informace pro d\u011bti<\/h3>\n<p><\/p>\n<p>Dal\u0161\u00ed na\u0161\u00ed prioritou je ochrana d\u011bt\u00ed p\u0159i pou\u017e\u00edv\u00e1n\u00ed internetu. Doporu\u010dujeme rodi\u010d\u016fm a opatrovn\u00edk\u016fm, aby sledovali, \u00fa\u010dastnili se a\/nebo monitorovali a \u0159\u00eddili jejich \u010dinnost na internetu.<\/p>\n<p><\/p>\n<p>Spole\u010dnost SunDo5 v\u011bdom\u011b neshroma\u017e\u010fuje \u017e\u00e1dn\u00e9 osobn\u00ed \u00fadaje od d\u011bt\u00ed mlad\u0161\u00edch 13 let. Pokud se domn\u00edv\u00e1te, \u017ee va\u0161e d\u00edt\u011b poskytlo na na\u0161ich webov\u00fdch str\u00e1nk\u00e1ch takov\u00e9 informace, d\u016frazn\u011b v\u00e1m doporu\u010dujeme, abyste n\u00e1s neprodlen\u011b kontaktovali a my ud\u011bl\u00e1me v\u0161e pro to, abychom takov\u00e9 informace z na\u0161ich z\u00e1znam\u016f neprodlen\u011b odstranili.<br \/><br \/><\/p>\n<p><\/p>\n<h3 class=\"wp-block-heading\">Pouze z\u00e1sady ochrany osobn\u00edch \u00fadaj\u016f online<\/h3>\n<p><\/p>\n<p>Na\u0161e z\u00e1sady ochrany osobn\u00edch \u00fadaj\u016f se vztahuj\u00ed pouze na na\u0161e online aktivity a plat\u00ed pro n\u00e1v\u0161t\u011bvn\u00edky na\u0161ich webov\u00fdch str\u00e1nek, pokud jde o informace, kter\u00e9 sd\u00edlej\u00ed a\/nebo shroma\u017e\u010fuj\u00ed v SunDo5. Tyto z\u00e1sady se nevztahuj\u00ed na \u017e\u00e1dn\u00e9 informace shrom\u00e1\u017ed\u011bn\u00e9 offline nebo prost\u0159ednictv\u00edm jin\u00fdch kan\u00e1l\u016f, ne\u017e jsou tyto webov\u00e9 str\u00e1nky.<br \/><br \/><\/p>\n<p><\/p>\n<h3 class=\"wp-block-heading\">Souhlas<\/h3>\n<p><\/p>\n<p>Pou\u017e\u00edv\u00e1n\u00edm na\u0161ich webov\u00fdch str\u00e1nek vyjad\u0159ujete souhlas s na\u0161imi z\u00e1sadami ochrany osobn\u00edch \u00fadaj\u016f a souhlas\u00edte s jejich podm\u00ednkami.<\/p>\n<p><\/p>\t\t\t\t\t\t\t\t<\/div>\n\t\t\t\t<\/div>\n\t\t\t\t\t<\/div>\n\t\t<\/div>\n\t\t\t\t\t<\/div>\n\t\t<\/section>\n\t\t\t\t<\/div>","protected":false},"excerpt":{"rendered":"<p>Privacy Policy for SunDo5 At SunDo5, accessible from https:\/\/sundo5.cz\/, one of our main priorities is the privacy of our visitors. This Privacy Policy document contains types of information that is collected and recorded by SunDo5 and how we use it. If you have additional questions or require more information about our Privacy Policy, do not [&hellip;]<\/p>\n","protected":false},"author":1,"featured_media":0,"parent":0,"menu_order":0,"comment_status":"closed","ping_status":"open","template":"","meta":{"footnotes":""},"class_list":["post-3","page","type-page","status-publish","hentry"],"yoast_head":"<!-- This site is optimized with the Yoast SEO plugin v27.3 - https:\/\/yoast.com\/product\/yoast-seo-wordpress\/ -->\n<title>Privacy Policy - SunDo<\/title>\n<meta name=\"description\" content=\"Privacy Policy for SunDo5. At SunDo5, accessible from https:\/\/sundo5.cz\/, one of our main priorities is the privacy of our visitors.\" \/>\n<meta name=\"robots\" content=\"index, follow, max-snippet:-1, max-image-preview:large, max-video-preview:-1\" \/>\n<link rel=\"canonical\" href=\"https:\/\/sundo5.cz\/cs\/privacy-policy\/\" \/>\n<meta property=\"og:locale\" content=\"cs_CZ\" \/>\n<meta property=\"og:type\" content=\"article\" \/>\n<meta property=\"og:title\" content=\"Privacy Policy - SunDo\" \/>\n<meta property=\"og:description\" content=\"Privacy Policy for SunDo5. At SunDo5, accessible from https:\/\/sundo5.cz\/, one of our main priorities is the privacy of our visitors.\" \/>\n<meta property=\"og:url\" content=\"https:\/\/sundo5.cz\/cs\/privacy-policy\/\" \/>\n<meta property=\"og:site_name\" content=\"SunDo\" \/>\n<meta property=\"article:publisher\" content=\"https:\/\/www.facebook.com\/sundoclub.cz\" \/>\n<meta property=\"article:modified_time\" content=\"2024-04-03T13:22:40+00:00\" \/>\n<meta name=\"twitter:card\" content=\"summary_large_image\" \/>\n<meta name=\"twitter:label1\" content=\"Odhadovan\u00e1 doba \u010dten\u00ed\" \/>\n\t<meta name=\"twitter:data1\" content=\"4 minuty\" \/>\n<script type=\"application\/ld+json\" class=\"yoast-schema-graph\">{\"@context\":\"https:\\\/\\\/schema.org\",\"@graph\":[{\"@type\":\"WebPage\",\"@id\":\"https:\\\/\\\/sundo5.cz\\\/privacy-policy\\\/\",\"url\":\"https:\\\/\\\/sundo5.cz\\\/privacy-policy\\\/\",\"name\":\"Privacy Policy - SunDo\",\"isPartOf\":{\"@id\":\"https:\\\/\\\/sundo5.cz\\\/#website\"},\"datePublished\":\"2023-05-18T22:26:11+00:00\",\"dateModified\":\"2024-04-03T13:22:40+00:00\",\"description\":\"Privacy Policy for SunDo5. At SunDo5, accessible from https:\\\/\\\/sundo5.cz\\\/, one of our main priorities is the privacy of our visitors.\",\"breadcrumb\":{\"@id\":\"https:\\\/\\\/sundo5.cz\\\/privacy-policy\\\/#breadcrumb\"},\"inLanguage\":\"cs\",\"potentialAction\":[{\"@type\":\"ReadAction\",\"target\":[\"https:\\\/\\\/sundo5.cz\\\/privacy-policy\\\/\"]}]},{\"@type\":\"BreadcrumbList\",\"@id\":\"https:\\\/\\\/sundo5.cz\\\/privacy-policy\\\/#breadcrumb\",\"itemListElement\":[{\"@type\":\"ListItem\",\"position\":1,\"name\":\"Home\",\"item\":\"https:\\\/\\\/sundo5.cz\\\/\"},{\"@type\":\"ListItem\",\"position\":2,\"name\":\"Privacy Policy\"}]},{\"@type\":\"WebSite\",\"@id\":\"https:\\\/\\\/sundo5.cz\\\/#website\",\"url\":\"https:\\\/\\\/sundo5.cz\\\/\",\"name\":\"SunDo\",\"description\":\"\",\"publisher\":{\"@id\":\"https:\\\/\\\/sundo5.cz\\\/#organization\"},\"potentialAction\":[{\"@type\":\"SearchAction\",\"target\":{\"@type\":\"EntryPoint\",\"urlTemplate\":\"https:\\\/\\\/sundo5.cz\\\/?s={search_term_string}\"},\"query-input\":{\"@type\":\"PropertyValueSpecification\",\"valueRequired\":true,\"valueName\":\"search_term_string\"}}],\"inLanguage\":\"cs\"},{\"@type\":\"Organization\",\"@id\":\"https:\\\/\\\/sundo5.cz\\\/#organization\",\"name\":\"SunDo\",\"url\":\"https:\\\/\\\/sundo5.cz\\\/\",\"logo\":{\"@type\":\"ImageObject\",\"inLanguage\":\"cs\",\"@id\":\"https:\\\/\\\/sundo5.cz\\\/#\\\/schema\\\/logo\\\/image\\\/\",\"url\":\"https:\\\/\\\/sundo5.cz\\\/wp-content\\\/uploads\\\/2023\\\/05\\\/European-SunDo-Logo5.jpg\",\"contentUrl\":\"https:\\\/\\\/sundo5.cz\\\/wp-content\\\/uploads\\\/2023\\\/05\\\/European-SunDo-Logo5.jpg\",\"width\":1285,\"height\":331,\"caption\":\"SunDo\"},\"image\":{\"@id\":\"https:\\\/\\\/sundo5.cz\\\/#\\\/schema\\\/logo\\\/image\\\/\"},\"sameAs\":[\"https:\\\/\\\/www.facebook.com\\\/sundoclub.cz\",\"https:\\\/\\\/www.youtube.com\\\/@czechsundoclub8547\"]}]}<\/script>\n<!-- \/ Yoast SEO plugin. -->","yoast_head_json":{"title":"Privacy Policy - SunDo","description":"Privacy Policy for SunDo5. At SunDo5, accessible from https:\/\/sundo5.cz\/, one of our main priorities is the privacy of our visitors.","robots":{"index":"index","follow":"follow","max-snippet":"max-snippet:-1","max-image-preview":"max-image-preview:large","max-video-preview":"max-video-preview:-1"},"canonical":"https:\/\/sundo5.cz\/cs\/privacy-policy\/","og_locale":"cs_CZ","og_type":"article","og_title":"Privacy Policy - SunDo","og_description":"Privacy Policy for SunDo5. At SunDo5, accessible from https:\/\/sundo5.cz\/, one of our main priorities is the privacy of our visitors.","og_url":"https:\/\/sundo5.cz\/cs\/privacy-policy\/","og_site_name":"SunDo","article_publisher":"https:\/\/www.facebook.com\/sundoclub.cz","article_modified_time":"2024-04-03T13:22:40+00:00","twitter_card":"summary_large_image","twitter_misc":{"Odhadovan\u00e1 doba \u010dten\u00ed":"4 minuty"},"schema":{"@context":"https:\/\/schema.org","@graph":[{"@type":"WebPage","@id":"https:\/\/sundo5.cz\/privacy-policy\/","url":"https:\/\/sundo5.cz\/privacy-policy\/","name":"Privacy Policy - SunDo","isPartOf":{"@id":"https:\/\/sundo5.cz\/#website"},"datePublished":"2023-05-18T22:26:11+00:00","dateModified":"2024-04-03T13:22:40+00:00","description":"Privacy Policy for SunDo5. At SunDo5, accessible from https:\/\/sundo5.cz\/, one of our main priorities is the privacy of our visitors.","breadcrumb":{"@id":"https:\/\/sundo5.cz\/privacy-policy\/#breadcrumb"},"inLanguage":"cs","potentialAction":[{"@type":"ReadAction","target":["https:\/\/sundo5.cz\/privacy-policy\/"]}]},{"@type":"BreadcrumbList","@id":"https:\/\/sundo5.cz\/privacy-policy\/#breadcrumb","itemListElement":[{"@type":"ListItem","position":1,"name":"Home","item":"https:\/\/sundo5.cz\/"},{"@type":"ListItem","position":2,"name":"Privacy Policy"}]},{"@type":"WebSite","@id":"https:\/\/sundo5.cz\/#website","url":"https:\/\/sundo5.cz\/","name":"SunDo","description":"","publisher":{"@id":"https:\/\/sundo5.cz\/#organization"},"potentialAction":[{"@type":"SearchAction","target":{"@type":"EntryPoint","urlTemplate":"https:\/\/sundo5.cz\/?s={search_term_string}"},"query-input":{"@type":"PropertyValueSpecification","valueRequired":true,"valueName":"search_term_string"}}],"inLanguage":"cs"},{"@type":"Organization","@id":"https:\/\/sundo5.cz\/#organization","name":"SunDo","url":"https:\/\/sundo5.cz\/","logo":{"@type":"ImageObject","inLanguage":"cs","@id":"https:\/\/sundo5.cz\/#\/schema\/logo\/image\/","url":"https:\/\/sundo5.cz\/wp-content\/uploads\/2023\/05\/European-SunDo-Logo5.jpg","contentUrl":"https:\/\/sundo5.cz\/wp-content\/uploads\/2023\/05\/European-SunDo-Logo5.jpg","width":1285,"height":331,"caption":"SunDo"},"image":{"@id":"https:\/\/sundo5.cz\/#\/schema\/logo\/image\/"},"sameAs":["https:\/\/www.facebook.com\/sundoclub.cz","https:\/\/www.youtube.com\/@czechsundoclub8547"]}]}},"jetpack_sharing_enabled":true,"_links":{"self":[{"href":"https:\/\/sundo5.cz\/cs\/wp-json\/wp\/v2\/pages\/3","targetHints":{"allow":["GET"]}}],"collection":[{"href":"https:\/\/sundo5.cz\/cs\/wp-json\/wp\/v2\/pages"}],"about":[{"href":"https:\/\/sundo5.cz\/cs\/wp-json\/wp\/v2\/types\/page"}],"author":[{"embeddable":true,"href":"https:\/\/sundo5.cz\/cs\/wp-json\/wp\/v2\/users\/1"}],"replies":[{"embeddable":true,"href":"https:\/\/sundo5.cz\/cs\/wp-json\/wp\/v2\/comments?post=3"}],"version-history":[{"count":24,"href":"https:\/\/sundo5.cz\/cs\/wp-json\/wp\/v2\/pages\/3\/revisions"}],"predecessor-version":[{"id":3075,"href":"https:\/\/sundo5.cz\/cs\/wp-json\/wp\/v2\/pages\/3\/revisions\/3075"}],"wp:attachment":[{"href":"https:\/\/sundo5.cz\/cs\/wp-json\/wp\/v2\/media?parent=3"}],"curies":[{"name":"wp","href":"https:\/\/api.w.org\/{rel}","templated":true}]}}