{"id":1161,"date":"2023-10-11T07:39:32","date_gmt":"2023-10-11T07:39:32","guid":{"rendered":"http:\/\/sundo5.cz\/?page_id=1161"},"modified":"2025-05-06T07:41:31","modified_gmt":"2025-05-06T07:41:31","slug":"contact","status":"publish","type":"page","link":"https:\/\/sundo5.cz\/cs\/contact\/","title":{"rendered":"Kontakt"},"content":{"rendered":"<div data-elementor-type=\"wp-page\" data-elementor-id=\"1161\" class=\"elementor elementor-1161\" data-elementor-post-type=\"page\">\n\t\t\t\t\t\t<section class=\"elementor-section elementor-top-section elementor-element elementor-element-d452538 elementor-section-boxed elementor-section-height-default elementor-section-height-default\" data-id=\"d452538\" data-element_type=\"section\" data-e-type=\"section\">\n\t\t\t\t\t\t\t<div class=\"elementor-background-overlay\"><\/div>\n\t\t\t\t\t\t\t<div class=\"elementor-container elementor-column-gap-default\">\n\t\t\t\t\t<div class=\"elementor-column elementor-col-100 elementor-top-column elementor-element elementor-element-5340ce7\" data-id=\"5340ce7\" data-element_type=\"column\" data-e-type=\"column\">\n\t\t\t<div class=\"elementor-widget-wrap elementor-element-populated\">\n\t\t\t\t\t\t<div class=\"elementor-element elementor-element-79766a0 elementor-widget elementor-widget-heading\" data-id=\"79766a0\" data-element_type=\"widget\" data-e-type=\"widget\" data-widget_type=\"heading.default\">\n\t\t\t\t<div class=\"elementor-widget-container\">\n\t\t\t\t\t<h1 class=\"elementor-heading-title elementor-size-default\">Kontakt<\/h1>\t\t\t\t<\/div>\n\t\t\t\t<\/div>\n\t\t\t\t\t<\/div>\n\t\t<\/div>\n\t\t\t\t\t<\/div>\n\t\t<\/section>\n\t\t\t\t<section class=\"elementor-section elementor-top-section elementor-element elementor-element-3e98002 elementor-section-boxed elementor-section-height-default elementor-section-height-default\" data-id=\"3e98002\" data-element_type=\"section\" data-e-type=\"section\" data-settings=\"{&quot;background_background&quot;:&quot;classic&quot;}\">\n\t\t\t\t\t\t<div class=\"elementor-container elementor-column-gap-default\">\n\t\t\t\t\t<div class=\"elementor-column elementor-col-50 elementor-top-column elementor-element elementor-element-b43d3e3\" data-id=\"b43d3e3\" data-element_type=\"column\" data-e-type=\"column\" data-settings=\"{&quot;background_background&quot;:&quot;classic&quot;}\">\n\t\t\t<div class=\"elementor-widget-wrap elementor-element-populated\">\n\t\t\t\t\t\t<div class=\"elementor-element elementor-element-8e096be elementor-widget elementor-widget-text-editor\" data-id=\"8e096be\" data-element_type=\"widget\" data-e-type=\"widget\" data-widget_type=\"text-editor.default\">\n\t\t\t\t<div class=\"elementor-widget-container\">\n\t\t\t\t\t\t\t\t\t<h4><span class=\"HwtZe\" lang=\"en\"><span class=\"jCAhz ChMk0b\"><span class=\"ryNqvb\">PRAHA<\/span><\/span><\/span><\/h4>\n<p><span class=\"HwtZe\" lang=\"en\"><span class=\"jCAhz ChMk0b\"><span class=\"ryNqvb\"><a href=\"https:\/\/arha.cz\/\">Arha Studio<\/a>, V.P.\u010ckalova 26, Praha 6, 160 00<\/span><\/span><\/span><\/p>\n<p><span class=\"HwtZe\" lang=\"en\"><strong><span class=\"jCAhz ChMk0b\"><span class=\"ryNqvb\">Retreat Organizer<br><\/span><\/span><\/strong><\/span><span class=\"HwtZe\" lang=\"en\"> <span class=\"jCAhz ChMk0b\"><span class=\"ryNqvb\">Nicolas Lavaud<br><\/span><\/span> <span class=\"jCAhz ChMk0b\"><span class=\"ryNqvb\"><a href=\"mailto:nicolas@sundo5.cz\">nicolas@sundo5.cz<\/a><br><\/span><\/span><\/span><span class=\"\">+420 733 523 959<\/span><\/p>\n<p><span class=\"HwtZe\" lang=\"en\"><strong><span class=\"jCAhz ChMk0b\"><span class=\"ryNqvb\">Workshopy a kurzy<\/span><\/span><span class=\"jCAhz ChMk0b\"><span class=\"ryNqvb\">s<\/span><\/span><\/strong><br><\/span><span class=\"HwtZe\" lang=\"en\"><span class=\"jCAhz ChMk0b\"><span class=\"ryNqvb\"><a href=\"https:\/\/innerbodyworx.com\/\">Lenka Riva Ry\u0161kov\u00e1<\/a> <br><a href=\"mailto:ryskova@arha.cz\">ryskova@arha.cz<\/a> <br>+420 606 643 873<\/span><\/span> <\/span><\/p>\n<p><span class=\"HwtZe\" lang=\"en\"><strong><span class=\"jCAhz ChMk0b\"><span class=\"ryNqvb\">Online Classe<\/span><\/span><span class=\"jCAhz ChMk0b\"><span class=\"ryNqvb\">s angli\u010dtiny<\/span><\/span><\/strong><br><\/span><span class=\"HwtZe\" lang=\"en\"><span class=\"jCAhz ChMk0b\"><span class=\"ryNqvb\"><a href=\"http:\/\/thetaijischool.com\/\">Paul Renall<\/a><br><a href=\"mailto:thetaijischool@gmail.com\">thetaijischool@gmail.com<\/a><br><\/span><\/span><\/span><span class=\"HwtZe\" lang=\"en\"><span class=\"jCAhz ChMk0b\"><span class=\"ryNqvb\">+420 737 629 516<br><\/span><\/span><\/span><\/p>\n<p><span class=\"HwtZe\" lang=\"en\"><span class=\"jCAhz ChMk0b\"><span class=\"ryNqvb\">__________________________________________<\/span><\/span> <br><span class=\"jCAhz ChMk0b\"><span class=\"ryNqvb\"><a href=\"https:\/\/sundo5.cz\/cs\/association\/\"><strong>Evropsk\u00e1 asociace Sundo<\/strong><\/a>, z.s.,&nbsp;<\/span><\/span><\/span><\/p><p><span class=\"HwtZe\" lang=\"en\"><span class=\"jCAhz ChMk0b\"><span class=\"ryNqvb\">ID 08796971<\/span><\/span> <span class=\"jCAhz ChMk0b\"><span class=\"ryNqvb\"><\/span><\/span> <\/span><\/p>\n<p><span class=\"HwtZe\" lang=\"en\"><span class=\"jCAhz ChMk0b\"><span class=\"ryNqvb\">no.<\/span><\/span> <span class=\"jCAhz ChMk0b\"><span class=\"ryNqvb\">CZK: 2301765751\/2010<br><\/span><\/span> <span class=\"jCAhz ChMk0b\"><span class=\"ryNqvb\"><\/span><\/span><span class=\"jCAhz ChMk0b\"><span class=\"ryNqvb\">no.<\/span><\/span> <span class=\"jCAhz ChMk0b\"><span class=\"ryNqvb\">EUR: 2601765753\/2010<\/span><\/span><\/span><\/p>\n<p><span class=\"HwtZe\" lang=\"en\"> <span class=\"jCAhz ChMk0b\"><span class=\"ryNqvb\">IBAN pro platby v EUR: CZ3020100000002601765753, SWIFT: FIOBCZPPXXX<\/span><\/span><\/span><\/p>\t\t\t\t\t\t\t\t<\/div>\n\t\t\t\t<\/div>\n\t\t\t\t<div class=\"elementor-element elementor-element-69ff441 elementor-widget elementor-widget-text-editor\" data-id=\"69ff441\" data-element_type=\"widget\" data-e-type=\"widget\" data-widget_type=\"text-editor.default\">\n\t\t\t\t<div class=\"elementor-widget-container\">\n\t\t\t\t\t\t\t\t\t<p><strong>QR code pro platbu v K\u010c:<br \/><\/strong>(pot\u0159ebujete doplnit \u010d\u00e1stku)<\/p>\t\t\t\t\t\t\t\t<\/div>\n\t\t\t\t<\/div>\n\t\t\t\t<div class=\"elementor-element elementor-element-0fae505 elementor-widget elementor-widget-image\" data-id=\"0fae505\" data-element_type=\"widget\" data-e-type=\"widget\" data-widget_type=\"image.default\">\n\t\t\t\t<div class=\"elementor-widget-container\">\n\t\t\t\t\t\t\t\t\t\t\t\t\t\t\t<img decoding=\"async\" width=\"150\" height=\"150\" src=\"https:\/\/sundo5.cz\/wp-content\/uploads\/2025\/05\/CZK-platba-150x150.png\" class=\"attachment-thumbnail size-thumbnail wp-image-4682\" alt=\"\" srcset=\"https:\/\/sundo5.cz\/wp-content\/uploads\/2025\/05\/CZK-platba-150x150.png 150w, https:\/\/sundo5.cz\/wp-content\/uploads\/2025\/05\/CZK-platba-300x300.png 300w, https:\/\/sundo5.cz\/wp-content\/uploads\/2025\/05\/CZK-platba-12x12.png 12w, https:\/\/sundo5.cz\/wp-content\/uploads\/2025\/05\/CZK-platba-100x100.png 100w, https:\/\/sundo5.cz\/wp-content\/uploads\/2025\/05\/CZK-platba.png 544w\" sizes=\"(max-width: 150px) 100vw, 150px\" \/>\t\t\t\t\t\t\t\t\t\t\t\t\t\t\t<\/div>\n\t\t\t\t<\/div>\n\t\t\t\t<div class=\"elementor-element elementor-element-27ea60c elementor-widget elementor-widget-text-editor\" data-id=\"27ea60c\" data-element_type=\"widget\" data-e-type=\"widget\" data-widget_type=\"text-editor.default\">\n\t\t\t\t<div class=\"elementor-widget-container\">\n\t\t\t\t\t\t\t\t\t<p><strong>QR code for payment in EUR:<br \/><\/strong>(fill in the the amount to be payed)<\/p>\t\t\t\t\t\t\t\t<\/div>\n\t\t\t\t<\/div>\n\t\t\t\t<div class=\"elementor-element elementor-element-41f21c1 elementor-widget elementor-widget-image\" data-id=\"41f21c1\" data-element_type=\"widget\" data-e-type=\"widget\" data-widget_type=\"image.default\">\n\t\t\t\t<div class=\"elementor-widget-container\">\n\t\t\t\t\t\t\t\t\t\t\t\t\t\t\t<img decoding=\"async\" width=\"150\" height=\"150\" src=\"https:\/\/sundo5.cz\/wp-content\/uploads\/2025\/05\/EUR-payments-150x150.png\" class=\"attachment-thumbnail size-thumbnail wp-image-4681\" alt=\"\" srcset=\"https:\/\/sundo5.cz\/wp-content\/uploads\/2025\/05\/EUR-payments-150x150.png 150w, https:\/\/sundo5.cz\/wp-content\/uploads\/2025\/05\/EUR-payments-300x300.png 300w, https:\/\/sundo5.cz\/wp-content\/uploads\/2025\/05\/EUR-payments-12x12.png 12w, https:\/\/sundo5.cz\/wp-content\/uploads\/2025\/05\/EUR-payments-100x100.png 100w, https:\/\/sundo5.cz\/wp-content\/uploads\/2025\/05\/EUR-payments.png 544w\" sizes=\"(max-width: 150px) 100vw, 150px\" \/>\t\t\t\t\t\t\t\t\t\t\t\t\t\t\t<\/div>\n\t\t\t\t<\/div>\n\t\t\t\t\t<\/div>\n\t\t<\/div>\n\t\t\t\t<div class=\"elementor-column elementor-col-50 elementor-top-column elementor-element elementor-element-c855971\" data-id=\"c855971\" data-element_type=\"column\" data-e-type=\"column\">\n\t\t\t<div class=\"elementor-widget-wrap elementor-element-populated\">\n\t\t\t\t\t\t<div class=\"elementor-element elementor-element-4f26992 elementor-widget elementor-widget-image\" data-id=\"4f26992\" data-element_type=\"widget\" data-e-type=\"widget\" data-widget_type=\"image.default\">\n\t\t\t\t<div class=\"elementor-widget-container\">\n\t\t\t\t\t\t\t\t\t\t\t\t\t\t\t<img fetchpriority=\"high\" decoding=\"async\" width=\"503\" height=\"292\" src=\"https:\/\/sundo5.cz\/wp-content\/uploads\/2023\/10\/sundocontact.webp\" class=\"attachment-large size-large wp-image-1245\" alt=\"Contact SunDo\" srcset=\"https:\/\/sundo5.cz\/wp-content\/uploads\/2023\/10\/sundocontact.webp 503w, https:\/\/sundo5.cz\/wp-content\/uploads\/2023\/10\/sundocontact-300x174.webp 300w\" sizes=\"(max-width: 503px) 100vw, 503px\" \/>\t\t\t\t\t\t\t\t\t\t\t\t\t\t\t<\/div>\n\t\t\t\t<\/div>\n\t\t\t\t<div class=\"elementor-element elementor-element-8833b80 elementor-widget elementor-widget-google_maps\" data-id=\"8833b80\" data-element_type=\"widget\" data-e-type=\"widget\" data-widget_type=\"google_maps.default\">\n\t\t\t\t<div class=\"elementor-widget-container\">\n\t\t\t\t\t\t\t<div class=\"elementor-custom-embed\">\n\t\t\t<iframe loading=\"lazy\"\n\t\t\t\t\tsrc=\"https:\/\/maps.google.com\/maps?q=%20Arha%20V.%20P.%20%C4%8Ckalova%20797%2F26%2C%20160%2000%20Praha%206-Bubene%C4%8D&#038;t=m&#038;z=11&#038;output=embed&#038;iwloc=near\"\n\t\t\t\t\ttitle=\" Arha V. P. \u010ckalova 797\/26, 160 00 Praha 6-Bubene\u010d\"\n\t\t\t\t\taria-label=\" Arha V. P. \u010ckalova 797\/26, 160 00 Praha 6-Bubene\u010d\"\n\t\t\t><\/iframe>\n\t\t<\/div>\n\t\t\t\t\t\t<\/div>\n\t\t\t\t<\/div>\n\t\t\t\t\t<\/div>\n\t\t<\/div>\n\t\t\t\t\t<\/div>\n\t\t<\/section>\n\t\t\t\t<section class=\"elementor-section elementor-top-section elementor-element elementor-element-6d24366 elementor-section-boxed elementor-section-height-default elementor-section-height-default\" data-id=\"6d24366\" data-element_type=\"section\" data-e-type=\"section\">\n\t\t\t\t\t\t<div class=\"elementor-container elementor-column-gap-default\">\n\t\t\t\t\t<div class=\"elementor-column elementor-col-25 elementor-top-column elementor-element elementor-element-630d746\" data-id=\"630d746\" data-element_type=\"column\" data-e-type=\"column\">\n\t\t\t<div class=\"elementor-widget-wrap\">\n\t\t\t\t\t\t\t<\/div>\n\t\t<\/div>\n\t\t\t\t<div class=\"elementor-column elementor-col-25 elementor-top-column elementor-element elementor-element-4a83769\" data-id=\"4a83769\" data-element_type=\"column\" data-e-type=\"column\">\n\t\t\t<div class=\"elementor-widget-wrap\">\n\t\t\t\t\t\t\t<\/div>\n\t\t<\/div>\n\t\t\t\t<div class=\"elementor-column elementor-col-25 elementor-top-column elementor-element elementor-element-fa3744b\" data-id=\"fa3744b\" data-element_type=\"column\" data-e-type=\"column\">\n\t\t\t<div class=\"elementor-widget-wrap\">\n\t\t\t\t\t\t\t<\/div>\n\t\t<\/div>\n\t\t\t\t<div class=\"elementor-column elementor-col-25 elementor-top-column elementor-element elementor-element-34159bc\" data-id=\"34159bc\" data-element_type=\"column\" data-e-type=\"column\">\n\t\t\t<div class=\"elementor-widget-wrap\">\n\t\t\t\t\t\t\t<\/div>\n\t\t<\/div>\n\t\t\t\t\t<\/div>\n\t\t<\/section>\n\t\t\t\t<\/div>","protected":false},"excerpt":{"rendered":"<p>Contact PRAGUE Arha Studio, V.P.\u010ckalova 26, Prague 6, 160 00 Retreat Organizer Nicolas Lavaud nicolas@sundo5.cz+420 733 523 959 Workshops and ClassesLenka Riva Ry\u0161kov\u00e1 ryskova@arha.cz +420 606 643 873 Online Classes in EnglishPaul Renallthetaijischool@gmail.com+420 737 629 516 __________________________________________ European Sundo Association, z.s.,&nbsp; ID 08796971 no. CZK: 2301765751\/2010 no. EUR: 2601765753\/2010 IBAN for payments in EUR: CZ3020100000002601765753, [&hellip;]<\/p>\n","protected":false},"author":1,"featured_media":0,"parent":0,"menu_order":0,"comment_status":"closed","ping_status":"closed","template":"","meta":{"footnotes":""},"class_list":["post-1161","page","type-page","status-publish","hentry"],"yoast_head":"<!-- This site is optimized with the Yoast SEO plugin v27.3 - https:\/\/yoast.com\/product\/yoast-seo-wordpress\/ -->\n<title>Contact - SunDo<\/title>\n<meta name=\"description\" content=\"Contact us to learn more about SunDo Classes, Workshops and Retreats. Taught in both Czech and English.\" \/>\n<meta name=\"robots\" content=\"index, follow, max-snippet:-1, max-image-preview:large, max-video-preview:-1\" \/>\n<link rel=\"canonical\" href=\"https:\/\/sundo5.cz\/cs\/contact\/\" \/>\n<meta property=\"og:locale\" content=\"cs_CZ\" \/>\n<meta property=\"og:type\" content=\"article\" \/>\n<meta property=\"og:title\" content=\"Contact - SunDo\" \/>\n<meta property=\"og:description\" content=\"Contact us to learn more about SunDo Classes, Workshops and Retreats. Taught in both Czech and English.\" \/>\n<meta property=\"og:url\" content=\"https:\/\/sundo5.cz\/cs\/contact\/\" \/>\n<meta property=\"og:site_name\" content=\"SunDo\" \/>\n<meta property=\"article:publisher\" content=\"https:\/\/www.facebook.com\/sundoclub.cz\" \/>\n<meta property=\"article:modified_time\" content=\"2025-05-06T07:41:31+00:00\" \/>\n<meta property=\"og:image\" content=\"https:\/\/sundo5.cz\/wp-content\/uploads\/2025\/05\/CZK-platba.png\" \/>\n\t<meta property=\"og:image:width\" content=\"544\" \/>\n\t<meta property=\"og:image:height\" content=\"544\" \/>\n\t<meta property=\"og:image:type\" content=\"image\/png\" \/>\n<meta name=\"twitter:card\" content=\"summary_large_image\" \/>\n<meta name=\"twitter:label1\" content=\"Odhadovan\u00e1 doba \u010dten\u00ed\" \/>\n\t<meta name=\"twitter:data1\" content=\"1 minuta\" \/>\n<script type=\"application\/ld+json\" class=\"yoast-schema-graph\">{\"@context\":\"https:\\\/\\\/schema.org\",\"@graph\":[{\"@type\":\"WebPage\",\"@id\":\"https:\\\/\\\/sundo5.cz\\\/contact\\\/\",\"url\":\"https:\\\/\\\/sundo5.cz\\\/contact\\\/\",\"name\":\"Contact - SunDo\",\"isPartOf\":{\"@id\":\"https:\\\/\\\/sundo5.cz\\\/#website\"},\"primaryImageOfPage\":{\"@id\":\"https:\\\/\\\/sundo5.cz\\\/contact\\\/#primaryimage\"},\"image\":{\"@id\":\"https:\\\/\\\/sundo5.cz\\\/contact\\\/#primaryimage\"},\"thumbnailUrl\":\"https:\\\/\\\/sundo5.cz\\\/wp-content\\\/uploads\\\/2025\\\/05\\\/CZK-platba-150x150.png\",\"datePublished\":\"2023-10-11T07:39:32+00:00\",\"dateModified\":\"2025-05-06T07:41:31+00:00\",\"description\":\"Contact us to learn more about SunDo Classes, Workshops and Retreats. Taught in both Czech and English.\",\"breadcrumb\":{\"@id\":\"https:\\\/\\\/sundo5.cz\\\/contact\\\/#breadcrumb\"},\"inLanguage\":\"cs\",\"potentialAction\":[{\"@type\":\"ReadAction\",\"target\":[\"https:\\\/\\\/sundo5.cz\\\/contact\\\/\"]}]},{\"@type\":\"ImageObject\",\"inLanguage\":\"cs\",\"@id\":\"https:\\\/\\\/sundo5.cz\\\/contact\\\/#primaryimage\",\"url\":\"https:\\\/\\\/sundo5.cz\\\/wp-content\\\/uploads\\\/2025\\\/05\\\/CZK-platba-150x150.png\",\"contentUrl\":\"https:\\\/\\\/sundo5.cz\\\/wp-content\\\/uploads\\\/2025\\\/05\\\/CZK-platba-150x150.png\"},{\"@type\":\"BreadcrumbList\",\"@id\":\"https:\\\/\\\/sundo5.cz\\\/contact\\\/#breadcrumb\",\"itemListElement\":[{\"@type\":\"ListItem\",\"position\":1,\"name\":\"Home\",\"item\":\"https:\\\/\\\/sundo5.cz\\\/\"},{\"@type\":\"ListItem\",\"position\":2,\"name\":\"Contact\"}]},{\"@type\":\"WebSite\",\"@id\":\"https:\\\/\\\/sundo5.cz\\\/#website\",\"url\":\"https:\\\/\\\/sundo5.cz\\\/\",\"name\":\"SunDo\",\"description\":\"\",\"publisher\":{\"@id\":\"https:\\\/\\\/sundo5.cz\\\/#organization\"},\"potentialAction\":[{\"@type\":\"SearchAction\",\"target\":{\"@type\":\"EntryPoint\",\"urlTemplate\":\"https:\\\/\\\/sundo5.cz\\\/?s={search_term_string}\"},\"query-input\":{\"@type\":\"PropertyValueSpecification\",\"valueRequired\":true,\"valueName\":\"search_term_string\"}}],\"inLanguage\":\"cs\"},{\"@type\":\"Organization\",\"@id\":\"https:\\\/\\\/sundo5.cz\\\/#organization\",\"name\":\"SunDo\",\"url\":\"https:\\\/\\\/sundo5.cz\\\/\",\"logo\":{\"@type\":\"ImageObject\",\"inLanguage\":\"cs\",\"@id\":\"https:\\\/\\\/sundo5.cz\\\/#\\\/schema\\\/logo\\\/image\\\/\",\"url\":\"https:\\\/\\\/sundo5.cz\\\/wp-content\\\/uploads\\\/2023\\\/05\\\/European-SunDo-Logo5.jpg\",\"contentUrl\":\"https:\\\/\\\/sundo5.cz\\\/wp-content\\\/uploads\\\/2023\\\/05\\\/European-SunDo-Logo5.jpg\",\"width\":1285,\"height\":331,\"caption\":\"SunDo\"},\"image\":{\"@id\":\"https:\\\/\\\/sundo5.cz\\\/#\\\/schema\\\/logo\\\/image\\\/\"},\"sameAs\":[\"https:\\\/\\\/www.facebook.com\\\/sundoclub.cz\",\"https:\\\/\\\/www.youtube.com\\\/@czechsundoclub8547\"]}]}<\/script>\n<!-- \/ Yoast SEO plugin. -->","yoast_head_json":{"title":"Contact - SunDo","description":"Contact us to learn more about SunDo Classes, Workshops and Retreats. Taught in both Czech and English.","robots":{"index":"index","follow":"follow","max-snippet":"max-snippet:-1","max-image-preview":"max-image-preview:large","max-video-preview":"max-video-preview:-1"},"canonical":"https:\/\/sundo5.cz\/cs\/contact\/","og_locale":"cs_CZ","og_type":"article","og_title":"Contact - SunDo","og_description":"Contact us to learn more about SunDo Classes, Workshops and Retreats. Taught in both Czech and English.","og_url":"https:\/\/sundo5.cz\/cs\/contact\/","og_site_name":"SunDo","article_publisher":"https:\/\/www.facebook.com\/sundoclub.cz","article_modified_time":"2025-05-06T07:41:31+00:00","og_image":[{"width":544,"height":544,"url":"https:\/\/sundo5.cz\/wp-content\/uploads\/2025\/05\/CZK-platba.png","type":"image\/png"}],"twitter_card":"summary_large_image","twitter_misc":{"Odhadovan\u00e1 doba \u010dten\u00ed":"1 minuta"},"schema":{"@context":"https:\/\/schema.org","@graph":[{"@type":"WebPage","@id":"https:\/\/sundo5.cz\/contact\/","url":"https:\/\/sundo5.cz\/contact\/","name":"Contact - SunDo","isPartOf":{"@id":"https:\/\/sundo5.cz\/#website"},"primaryImageOfPage":{"@id":"https:\/\/sundo5.cz\/contact\/#primaryimage"},"image":{"@id":"https:\/\/sundo5.cz\/contact\/#primaryimage"},"thumbnailUrl":"https:\/\/sundo5.cz\/wp-content\/uploads\/2025\/05\/CZK-platba-150x150.png","datePublished":"2023-10-11T07:39:32+00:00","dateModified":"2025-05-06T07:41:31+00:00","description":"Contact us to learn more about SunDo Classes, Workshops and Retreats. Taught in both Czech and English.","breadcrumb":{"@id":"https:\/\/sundo5.cz\/contact\/#breadcrumb"},"inLanguage":"cs","potentialAction":[{"@type":"ReadAction","target":["https:\/\/sundo5.cz\/contact\/"]}]},{"@type":"ImageObject","inLanguage":"cs","@id":"https:\/\/sundo5.cz\/contact\/#primaryimage","url":"https:\/\/sundo5.cz\/wp-content\/uploads\/2025\/05\/CZK-platba-150x150.png","contentUrl":"https:\/\/sundo5.cz\/wp-content\/uploads\/2025\/05\/CZK-platba-150x150.png"},{"@type":"BreadcrumbList","@id":"https:\/\/sundo5.cz\/contact\/#breadcrumb","itemListElement":[{"@type":"ListItem","position":1,"name":"Home","item":"https:\/\/sundo5.cz\/"},{"@type":"ListItem","position":2,"name":"Contact"}]},{"@type":"WebSite","@id":"https:\/\/sundo5.cz\/#website","url":"https:\/\/sundo5.cz\/","name":"SunDo","description":"","publisher":{"@id":"https:\/\/sundo5.cz\/#organization"},"potentialAction":[{"@type":"SearchAction","target":{"@type":"EntryPoint","urlTemplate":"https:\/\/sundo5.cz\/?s={search_term_string}"},"query-input":{"@type":"PropertyValueSpecification","valueRequired":true,"valueName":"search_term_string"}}],"inLanguage":"cs"},{"@type":"Organization","@id":"https:\/\/sundo5.cz\/#organization","name":"SunDo","url":"https:\/\/sundo5.cz\/","logo":{"@type":"ImageObject","inLanguage":"cs","@id":"https:\/\/sundo5.cz\/#\/schema\/logo\/image\/","url":"https:\/\/sundo5.cz\/wp-content\/uploads\/2023\/05\/European-SunDo-Logo5.jpg","contentUrl":"https:\/\/sundo5.cz\/wp-content\/uploads\/2023\/05\/European-SunDo-Logo5.jpg","width":1285,"height":331,"caption":"SunDo"},"image":{"@id":"https:\/\/sundo5.cz\/#\/schema\/logo\/image\/"},"sameAs":["https:\/\/www.facebook.com\/sundoclub.cz","https:\/\/www.youtube.com\/@czechsundoclub8547"]}]}},"jetpack_sharing_enabled":true,"_links":{"self":[{"href":"https:\/\/sundo5.cz\/cs\/wp-json\/wp\/v2\/pages\/1161","targetHints":{"allow":["GET"]}}],"collection":[{"href":"https:\/\/sundo5.cz\/cs\/wp-json\/wp\/v2\/pages"}],"about":[{"href":"https:\/\/sundo5.cz\/cs\/wp-json\/wp\/v2\/types\/page"}],"author":[{"embeddable":true,"href":"https:\/\/sundo5.cz\/cs\/wp-json\/wp\/v2\/users\/1"}],"replies":[{"embeddable":true,"href":"https:\/\/sundo5.cz\/cs\/wp-json\/wp\/v2\/comments?post=1161"}],"version-history":[{"count":71,"href":"https:\/\/sundo5.cz\/cs\/wp-json\/wp\/v2\/pages\/1161\/revisions"}],"predecessor-version":[{"id":4692,"href":"https:\/\/sundo5.cz\/cs\/wp-json\/wp\/v2\/pages\/1161\/revisions\/4692"}],"wp:attachment":[{"href":"https:\/\/sundo5.cz\/cs\/wp-json\/wp\/v2\/media?parent=1161"}],"curies":[{"name":"wp","href":"https:\/\/api.w.org\/{rel}","templated":true}]}}