{"id":1105,"date":"2023-10-10T12:38:36","date_gmt":"2023-10-10T12:38:36","guid":{"rendered":"http:\/\/sundo5.cz\/?page_id=1105"},"modified":"2024-04-09T15:35:41","modified_gmt":"2024-04-09T15:35:41","slug":"library","status":"publish","type":"page","link":"https:\/\/sundo5.cz\/cs\/library\/","title":{"rendered":"Knihovna"},"content":{"rendered":"<div data-elementor-type=\"wp-page\" data-elementor-id=\"1105\" class=\"elementor elementor-1105\" data-elementor-post-type=\"page\">\n\t\t\t\t\t\t<section class=\"elementor-section elementor-top-section elementor-element elementor-element-467db8b elementor-section-boxed elementor-section-height-default elementor-section-height-default\" data-id=\"467db8b\" data-element_type=\"section\" data-e-type=\"section\">\n\t\t\t\t\t\t\t<div class=\"elementor-background-overlay\"><\/div>\n\t\t\t\t\t\t\t<div class=\"elementor-container elementor-column-gap-default\">\n\t\t\t\t\t<div class=\"elementor-column elementor-col-100 elementor-top-column elementor-element elementor-element-3381740\" data-id=\"3381740\" data-element_type=\"column\" data-e-type=\"column\">\n\t\t\t<div class=\"elementor-widget-wrap elementor-element-populated\">\n\t\t\t\t\t\t<div class=\"elementor-element elementor-element-b49f25f elementor-widget elementor-widget-heading\" data-id=\"b49f25f\" data-element_type=\"widget\" data-e-type=\"widget\" data-widget_type=\"heading.default\">\n\t\t\t\t<div class=\"elementor-widget-container\">\n\t\t\t\t\t<h1 class=\"elementor-heading-title elementor-size-default\">Knihovna<\/h1>\t\t\t\t<\/div>\n\t\t\t\t<\/div>\n\t\t\t\t\t<\/div>\n\t\t<\/div>\n\t\t\t\t\t<\/div>\n\t\t<\/section>\n\t\t\t\t<section class=\"elementor-section elementor-top-section elementor-element elementor-element-4f972cd4 elementor-section-boxed elementor-section-height-default elementor-section-height-default\" data-id=\"4f972cd4\" data-element_type=\"section\" data-e-type=\"section\" data-settings=\"{&quot;background_background&quot;:&quot;classic&quot;}\">\n\t\t\t\t\t\t<div class=\"elementor-container elementor-column-gap-default\">\n\t\t\t\t\t<div class=\"elementor-column elementor-col-16 elementor-top-column elementor-element elementor-element-72283fdb\" data-id=\"72283fdb\" data-element_type=\"column\" data-e-type=\"column\">\n\t\t\t<div class=\"elementor-widget-wrap\">\n\t\t\t\t\t\t\t<\/div>\n\t\t<\/div>\n\t\t\t\t<div class=\"elementor-column elementor-col-66 elementor-top-column elementor-element elementor-element-1a29c121\" data-id=\"1a29c121\" data-element_type=\"column\" data-e-type=\"column\">\n\t\t\t<div class=\"elementor-widget-wrap elementor-element-populated\">\n\t\t\t\t\t\t<section class=\"elementor-section elementor-inner-section elementor-element elementor-element-75553b59 elementor-section-boxed elementor-section-height-default elementor-section-height-default\" data-id=\"75553b59\" data-element_type=\"section\" data-e-type=\"section\" data-settings=\"{&quot;background_background&quot;:&quot;classic&quot;}\">\n\t\t\t\t\t\t<div class=\"elementor-container elementor-column-gap-default\">\n\t\t\t\t\t<div class=\"elementor-column elementor-col-50 elementor-inner-column elementor-element elementor-element-5d41f52b\" data-id=\"5d41f52b\" data-element_type=\"column\" data-e-type=\"column\">\n\t\t\t<div class=\"elementor-widget-wrap elementor-element-populated\">\n\t\t\t\t\t\t<div class=\"elementor-element elementor-element-5b70cc69 elementor-widget__width-initial elementor-widget elementor-widget-image\" data-id=\"5b70cc69\" data-element_type=\"widget\" data-e-type=\"widget\" data-widget_type=\"image.default\">\n\t\t\t\t<div class=\"elementor-widget-container\">\n\t\t\t\t\t\t\t\t\t\t\t\t\t\t\t\t<a href=\"https:\/\/sundo5.cz\/cs\/sundo-videos\/\">\n\t\t\t\t\t\t\t<img decoding=\"async\" width=\"150\" height=\"150\" src=\"https:\/\/sundo5.cz\/wp-content\/uploads\/2023\/10\/Chungsanbreathing-02-150x150.jpeg\" class=\"elementor-animation-grow attachment-thumbnail size-thumbnail wp-image-1094\" alt=\"\" srcset=\"https:\/\/sundo5.cz\/wp-content\/uploads\/2023\/10\/Chungsanbreathing-02-150x150.jpeg 150w, https:\/\/sundo5.cz\/wp-content\/uploads\/2023\/10\/Chungsanbreathing-02-100x100.jpeg 100w\" sizes=\"(max-width: 150px) 100vw, 150px\" \/>\t\t\t\t\t\t\t\t<\/a>\n\t\t\t\t\t\t\t\t\t\t\t\t\t\t\t<\/div>\n\t\t\t\t<\/div>\n\t\t\t\t\t<\/div>\n\t\t<\/div>\n\t\t\t\t<div class=\"elementor-column elementor-col-50 elementor-inner-column elementor-element elementor-element-19d29b89\" data-id=\"19d29b89\" data-element_type=\"column\" data-e-type=\"column\">\n\t\t\t<div class=\"elementor-widget-wrap elementor-element-populated\">\n\t\t\t\t\t\t<div class=\"elementor-element elementor-element-6706d447 elementor-invisible elementor-widget elementor-widget-heading\" data-id=\"6706d447\" data-element_type=\"widget\" data-e-type=\"widget\" data-settings=\"{&quot;_animation&quot;:&quot;zoomIn&quot;}\" data-widget_type=\"heading.default\">\n\t\t\t\t<div class=\"elementor-widget-container\">\n\t\t\t\t\t<h4 class=\"elementor-heading-title elementor-size-default\"><a href=\"https:\/\/sundo5.cz\/cs\/sundo-videos\/\">Videa<\/a><\/h4>\t\t\t\t<\/div>\n\t\t\t\t<\/div>\n\t\t\t\t<div class=\"elementor-element elementor-element-51811fc6 elementor-invisible elementor-widget elementor-widget-text-editor\" data-id=\"51811fc6\" data-element_type=\"widget\" data-e-type=\"widget\" data-settings=\"{&quot;_animation&quot;:&quot;zoomIn&quot;}\" data-widget_type=\"text-editor.default\">\n\t\t\t\t<div class=\"elementor-widget-container\">\n\t\t\t\t\t\t\t\t\t<p>R\u016fzn\u00e1 videa o SunDo<\/p>\t\t\t\t\t\t\t\t<\/div>\n\t\t\t\t<\/div>\n\t\t\t\t\t<\/div>\n\t\t<\/div>\n\t\t\t\t\t<\/div>\n\t\t<\/section>\n\t\t\t\t<section class=\"elementor-section elementor-inner-section elementor-element elementor-element-55d933ba elementor-section-boxed elementor-section-height-default elementor-section-height-default\" data-id=\"55d933ba\" data-element_type=\"section\" data-e-type=\"section\" data-settings=\"{&quot;background_background&quot;:&quot;classic&quot;}\">\n\t\t\t\t\t\t<div class=\"elementor-container elementor-column-gap-default\">\n\t\t\t\t\t<div class=\"elementor-column elementor-col-50 elementor-inner-column elementor-element elementor-element-1dc0a304\" data-id=\"1dc0a304\" data-element_type=\"column\" data-e-type=\"column\">\n\t\t\t<div class=\"elementor-widget-wrap elementor-element-populated\">\n\t\t\t\t\t\t<div class=\"elementor-element elementor-element-642b24cc elementor-widget__width-initial elementor-widget elementor-widget-image\" data-id=\"642b24cc\" data-element_type=\"widget\" data-e-type=\"widget\" data-widget_type=\"image.default\">\n\t\t\t\t<div class=\"elementor-widget-container\">\n\t\t\t\t\t\t\t\t\t\t\t\t\t\t\t\t<a href=\"https:\/\/sundo5.cz\/cs\/sundo-starter-pack\/\">\n\t\t\t\t\t\t\t<img decoding=\"async\" width=\"150\" height=\"150\" src=\"https:\/\/sundo5.cz\/wp-content\/uploads\/2023\/10\/20190823_100917-scaled-150x150.jpg\" class=\"elementor-animation-grow attachment-thumbnail size-thumbnail wp-image-1067\" alt=\"SunDo - Taoist Yoga, Starter Pack\" srcset=\"https:\/\/sundo5.cz\/wp-content\/uploads\/2023\/10\/20190823_100917-scaled-150x150.jpg 150w, https:\/\/sundo5.cz\/wp-content\/uploads\/2023\/10\/20190823_100917-scaled-300x300.jpg 300w, https:\/\/sundo5.cz\/wp-content\/uploads\/2023\/10\/20190823_100917-scaled-100x100.jpg 100w\" sizes=\"(max-width: 150px) 100vw, 150px\" \/>\t\t\t\t\t\t\t\t<\/a>\n\t\t\t\t\t\t\t\t\t\t\t\t\t\t\t<\/div>\n\t\t\t\t<\/div>\n\t\t\t\t\t<\/div>\n\t\t<\/div>\n\t\t\t\t<div class=\"elementor-column elementor-col-50 elementor-inner-column elementor-element elementor-element-5e8b2ec8\" data-id=\"5e8b2ec8\" data-element_type=\"column\" data-e-type=\"column\">\n\t\t\t<div class=\"elementor-widget-wrap elementor-element-populated\">\n\t\t\t\t\t\t<div class=\"elementor-element elementor-element-279032f9 elementor-invisible elementor-widget elementor-widget-heading\" data-id=\"279032f9\" data-element_type=\"widget\" data-e-type=\"widget\" data-settings=\"{&quot;_animation&quot;:&quot;zoomIn&quot;}\" data-widget_type=\"heading.default\">\n\t\t\t\t<div class=\"elementor-widget-container\">\n\t\t\t\t\t<h4 class=\"elementor-heading-title elementor-size-default\"><a href=\"https:\/\/sundo5.cz\/cs\/sundo-starter-pack\/\">Startovac\u00ed bal\u00ed\u010dek<\/a><\/h4>\t\t\t\t<\/div>\n\t\t\t\t<\/div>\n\t\t\t\t<div class=\"elementor-element elementor-element-790aee33 elementor-invisible elementor-widget elementor-widget-text-editor\" data-id=\"790aee33\" data-element_type=\"widget\" data-e-type=\"widget\" data-settings=\"{&quot;_animation&quot;:&quot;zoomIn&quot;}\" data-widget_type=\"text-editor.default\">\n\t\t\t\t<div class=\"elementor-widget-container\">\n\t\t\t\t\t\t\t\t\t<p>Pokud chcete za\u010d\u00edt cvi\u010dit, na tomto m\u00edst\u011b najdete informace, tabulky a mantry ke sta\u017een\u00ed.<\/p>\t\t\t\t\t\t\t\t<\/div>\n\t\t\t\t<\/div>\n\t\t\t\t\t<\/div>\n\t\t<\/div>\n\t\t\t\t\t<\/div>\n\t\t<\/section>\n\t\t\t\t\t<\/div>\n\t\t<\/div>\n\t\t\t\t<div class=\"elementor-column elementor-col-16 elementor-top-column elementor-element elementor-element-1a8136f7\" data-id=\"1a8136f7\" data-element_type=\"column\" data-e-type=\"column\">\n\t\t\t<div class=\"elementor-widget-wrap\">\n\t\t\t\t\t\t\t<\/div>\n\t\t<\/div>\n\t\t\t\t\t<\/div>\n\t\t<\/section>\n\t\t\t\t<\/div>","protected":false},"excerpt":{"rendered":"<p>Library Videos Various Videos about SunDo Starter Pack If you want to start exercising, this is the place to find the information, charts and mantra to download.<\/p>","protected":false},"author":1,"featured_media":0,"parent":0,"menu_order":0,"comment_status":"closed","ping_status":"closed","template":"","meta":{"footnotes":""},"class_list":["post-1105","page","type-page","status-publish","hentry"],"yoast_head":"<!-- This site is optimized with the Yoast SEO plugin v27.3 - https:\/\/yoast.com\/product\/yoast-seo-wordpress\/ -->\n<title>Library - SunDo<\/title>\n<meta name=\"robots\" content=\"index, follow, max-snippet:-1, max-image-preview:large, max-video-preview:-1\" \/>\n<link rel=\"canonical\" href=\"https:\/\/sundo5.cz\/cs\/library\/\" \/>\n<meta property=\"og:locale\" content=\"cs_CZ\" \/>\n<meta property=\"og:type\" content=\"article\" \/>\n<meta property=\"og:title\" content=\"Library - SunDo\" \/>\n<meta property=\"og:description\" content=\"Library Videos Various Videos about SunDo Starter Pack If you want to start exercising, this is the place to find the information, charts and mantra to download.\" \/>\n<meta property=\"og:url\" content=\"https:\/\/sundo5.cz\/cs\/library\/\" \/>\n<meta property=\"og:site_name\" content=\"SunDo\" \/>\n<meta property=\"article:publisher\" content=\"https:\/\/www.facebook.com\/sundoclub.cz\" \/>\n<meta property=\"article:modified_time\" content=\"2024-04-09T15:35:41+00:00\" \/>\n<meta property=\"og:image\" content=\"https:\/\/sundo5.cz\/wp-content\/uploads\/2023\/10\/Chungsanbreathing-02-150x150.jpeg\" \/>\n<meta name=\"twitter:card\" content=\"summary_large_image\" \/>\n<meta name=\"twitter:label1\" content=\"Odhadovan\u00e1 doba \u010dten\u00ed\" \/>\n\t<meta name=\"twitter:data1\" content=\"1 minuta\" \/>\n<script type=\"application\/ld+json\" class=\"yoast-schema-graph\">{\"@context\":\"https:\\\/\\\/schema.org\",\"@graph\":[{\"@type\":\"WebPage\",\"@id\":\"https:\\\/\\\/sundo5.cz\\\/library\\\/\",\"url\":\"https:\\\/\\\/sundo5.cz\\\/library\\\/\",\"name\":\"Library - SunDo\",\"isPartOf\":{\"@id\":\"https:\\\/\\\/sundo5.cz\\\/#website\"},\"primaryImageOfPage\":{\"@id\":\"https:\\\/\\\/sundo5.cz\\\/library\\\/#primaryimage\"},\"image\":{\"@id\":\"https:\\\/\\\/sundo5.cz\\\/library\\\/#primaryimage\"},\"thumbnailUrl\":\"https:\\\/\\\/sundo5.cz\\\/wp-content\\\/uploads\\\/2023\\\/10\\\/Chungsanbreathing-02-150x150.jpeg\",\"datePublished\":\"2023-10-10T12:38:36+00:00\",\"dateModified\":\"2024-04-09T15:35:41+00:00\",\"breadcrumb\":{\"@id\":\"https:\\\/\\\/sundo5.cz\\\/library\\\/#breadcrumb\"},\"inLanguage\":\"cs\",\"potentialAction\":[{\"@type\":\"ReadAction\",\"target\":[\"https:\\\/\\\/sundo5.cz\\\/library\\\/\"]}]},{\"@type\":\"ImageObject\",\"inLanguage\":\"cs\",\"@id\":\"https:\\\/\\\/sundo5.cz\\\/library\\\/#primaryimage\",\"url\":\"https:\\\/\\\/sundo5.cz\\\/wp-content\\\/uploads\\\/2023\\\/10\\\/Chungsanbreathing-02-150x150.jpeg\",\"contentUrl\":\"https:\\\/\\\/sundo5.cz\\\/wp-content\\\/uploads\\\/2023\\\/10\\\/Chungsanbreathing-02-150x150.jpeg\"},{\"@type\":\"BreadcrumbList\",\"@id\":\"https:\\\/\\\/sundo5.cz\\\/library\\\/#breadcrumb\",\"itemListElement\":[{\"@type\":\"ListItem\",\"position\":1,\"name\":\"Home\",\"item\":\"https:\\\/\\\/sundo5.cz\\\/\"},{\"@type\":\"ListItem\",\"position\":2,\"name\":\"Library\"}]},{\"@type\":\"WebSite\",\"@id\":\"https:\\\/\\\/sundo5.cz\\\/#website\",\"url\":\"https:\\\/\\\/sundo5.cz\\\/\",\"name\":\"SunDo\",\"description\":\"\",\"publisher\":{\"@id\":\"https:\\\/\\\/sundo5.cz\\\/#organization\"},\"potentialAction\":[{\"@type\":\"SearchAction\",\"target\":{\"@type\":\"EntryPoint\",\"urlTemplate\":\"https:\\\/\\\/sundo5.cz\\\/?s={search_term_string}\"},\"query-input\":{\"@type\":\"PropertyValueSpecification\",\"valueRequired\":true,\"valueName\":\"search_term_string\"}}],\"inLanguage\":\"cs\"},{\"@type\":\"Organization\",\"@id\":\"https:\\\/\\\/sundo5.cz\\\/#organization\",\"name\":\"SunDo\",\"url\":\"https:\\\/\\\/sundo5.cz\\\/\",\"logo\":{\"@type\":\"ImageObject\",\"inLanguage\":\"cs\",\"@id\":\"https:\\\/\\\/sundo5.cz\\\/#\\\/schema\\\/logo\\\/image\\\/\",\"url\":\"https:\\\/\\\/sundo5.cz\\\/wp-content\\\/uploads\\\/2023\\\/05\\\/European-SunDo-Logo5.jpg\",\"contentUrl\":\"https:\\\/\\\/sundo5.cz\\\/wp-content\\\/uploads\\\/2023\\\/05\\\/European-SunDo-Logo5.jpg\",\"width\":1285,\"height\":331,\"caption\":\"SunDo\"},\"image\":{\"@id\":\"https:\\\/\\\/sundo5.cz\\\/#\\\/schema\\\/logo\\\/image\\\/\"},\"sameAs\":[\"https:\\\/\\\/www.facebook.com\\\/sundoclub.cz\",\"https:\\\/\\\/www.youtube.com\\\/@czechsundoclub8547\"]}]}<\/script>\n<!-- \/ Yoast SEO plugin. -->","yoast_head_json":{"title":"Library - SunDo","robots":{"index":"index","follow":"follow","max-snippet":"max-snippet:-1","max-image-preview":"max-image-preview:large","max-video-preview":"max-video-preview:-1"},"canonical":"https:\/\/sundo5.cz\/cs\/library\/","og_locale":"cs_CZ","og_type":"article","og_title":"Library - SunDo","og_description":"Library Videos Various Videos about SunDo Starter Pack If you want to start exercising, this is the place to find the information, charts and mantra to download.","og_url":"https:\/\/sundo5.cz\/cs\/library\/","og_site_name":"SunDo","article_publisher":"https:\/\/www.facebook.com\/sundoclub.cz","article_modified_time":"2024-04-09T15:35:41+00:00","og_image":[{"url":"https:\/\/sundo5.cz\/wp-content\/uploads\/2023\/10\/Chungsanbreathing-02-150x150.jpeg","type":"","width":"","height":""}],"twitter_card":"summary_large_image","twitter_misc":{"Odhadovan\u00e1 doba \u010dten\u00ed":"1 minuta"},"schema":{"@context":"https:\/\/schema.org","@graph":[{"@type":"WebPage","@id":"https:\/\/sundo5.cz\/library\/","url":"https:\/\/sundo5.cz\/library\/","name":"Library - SunDo","isPartOf":{"@id":"https:\/\/sundo5.cz\/#website"},"primaryImageOfPage":{"@id":"https:\/\/sundo5.cz\/library\/#primaryimage"},"image":{"@id":"https:\/\/sundo5.cz\/library\/#primaryimage"},"thumbnailUrl":"https:\/\/sundo5.cz\/wp-content\/uploads\/2023\/10\/Chungsanbreathing-02-150x150.jpeg","datePublished":"2023-10-10T12:38:36+00:00","dateModified":"2024-04-09T15:35:41+00:00","breadcrumb":{"@id":"https:\/\/sundo5.cz\/library\/#breadcrumb"},"inLanguage":"cs","potentialAction":[{"@type":"ReadAction","target":["https:\/\/sundo5.cz\/library\/"]}]},{"@type":"ImageObject","inLanguage":"cs","@id":"https:\/\/sundo5.cz\/library\/#primaryimage","url":"https:\/\/sundo5.cz\/wp-content\/uploads\/2023\/10\/Chungsanbreathing-02-150x150.jpeg","contentUrl":"https:\/\/sundo5.cz\/wp-content\/uploads\/2023\/10\/Chungsanbreathing-02-150x150.jpeg"},{"@type":"BreadcrumbList","@id":"https:\/\/sundo5.cz\/library\/#breadcrumb","itemListElement":[{"@type":"ListItem","position":1,"name":"Home","item":"https:\/\/sundo5.cz\/"},{"@type":"ListItem","position":2,"name":"Library"}]},{"@type":"WebSite","@id":"https:\/\/sundo5.cz\/#website","url":"https:\/\/sundo5.cz\/","name":"SunDo","description":"","publisher":{"@id":"https:\/\/sundo5.cz\/#organization"},"potentialAction":[{"@type":"SearchAction","target":{"@type":"EntryPoint","urlTemplate":"https:\/\/sundo5.cz\/?s={search_term_string}"},"query-input":{"@type":"PropertyValueSpecification","valueRequired":true,"valueName":"search_term_string"}}],"inLanguage":"cs"},{"@type":"Organization","@id":"https:\/\/sundo5.cz\/#organization","name":"SunDo","url":"https:\/\/sundo5.cz\/","logo":{"@type":"ImageObject","inLanguage":"cs","@id":"https:\/\/sundo5.cz\/#\/schema\/logo\/image\/","url":"https:\/\/sundo5.cz\/wp-content\/uploads\/2023\/05\/European-SunDo-Logo5.jpg","contentUrl":"https:\/\/sundo5.cz\/wp-content\/uploads\/2023\/05\/European-SunDo-Logo5.jpg","width":1285,"height":331,"caption":"SunDo"},"image":{"@id":"https:\/\/sundo5.cz\/#\/schema\/logo\/image\/"},"sameAs":["https:\/\/www.facebook.com\/sundoclub.cz","https:\/\/www.youtube.com\/@czechsundoclub8547"]}]}},"jetpack_sharing_enabled":true,"_links":{"self":[{"href":"https:\/\/sundo5.cz\/cs\/wp-json\/wp\/v2\/pages\/1105","targetHints":{"allow":["GET"]}}],"collection":[{"href":"https:\/\/sundo5.cz\/cs\/wp-json\/wp\/v2\/pages"}],"about":[{"href":"https:\/\/sundo5.cz\/cs\/wp-json\/wp\/v2\/types\/page"}],"author":[{"embeddable":true,"href":"https:\/\/sundo5.cz\/cs\/wp-json\/wp\/v2\/users\/1"}],"replies":[{"embeddable":true,"href":"https:\/\/sundo5.cz\/cs\/wp-json\/wp\/v2\/comments?post=1105"}],"version-history":[{"count":22,"href":"https:\/\/sundo5.cz\/cs\/wp-json\/wp\/v2\/pages\/1105\/revisions"}],"predecessor-version":[{"id":3596,"href":"https:\/\/sundo5.cz\/cs\/wp-json\/wp\/v2\/pages\/1105\/revisions\/3596"}],"wp:attachment":[{"href":"https:\/\/sundo5.cz\/cs\/wp-json\/wp\/v2\/media?parent=1105"}],"curies":[{"name":"wp","href":"https:\/\/api.w.org\/{rel}","templated":true}]}}